{"id":29736,"date":"2026-01-28T17:23:15","date_gmt":"2026-01-28T16:23:15","guid":{"rendered":"https:\/\/studium1.com\/?page_id=29736"},"modified":"2026-01-28T17:23:16","modified_gmt":"2026-01-28T16:23:16","slug":"practical-information","status":"publish","type":"page","link":"https:\/\/studium1.com\/it\/practical-information\/","title":{"rendered":"Informazioni pratiche"},"content":{"rendered":"<p>Lo Studium si trova nel tranquillo villaggio alpino di &nbsp;<strong><a href=\"https:\/\/en.wikipedia.org\/wiki\/Pollone\" data-type=\"link\" data-id=\"https:\/\/en.wikipedia.org\/wiki\/Pollone\">Pollone<\/a><\/strong>a soli 90 minuti da Milano e Torino. Incastonato tra le montagne e la campagna, offre un ambiente unico dove <strong>studio, dialogo, ospitalit\u00e0 e spiritualit\u00e0<\/strong> si uniscono.<\/p>\n\n\n\n<p>La natura inizia proprio fuori dalla porta di casa, con accesso diretto a sentieri per passeggiate ed escursioni come il&nbsp;<a href=\"https:\/\/en.wikipedia.org\/wiki\/Parco_Burcina_Natural_Reserve\" data-type=\"link\" data-id=\"https:\/\/en.wikipedia.org\/wiki\/Parco_Burcina_Natural_Reserve\">Parco della Burcina<\/a>&nbsp;e&nbsp;<a href=\"https:\/\/en.wikipedia.org\/wiki\/International_Frassati_Path_of_Pollone\" data-type=\"link\" data-id=\"https:\/\/en.wikipedia.org\/wiki\/International_Frassati_Path_of_Pollone\">Poggio Frassati,<\/a> intitolato alla memoria di <a href=\"https:\/\/en.wikipedia.org\/wiki\/Pier_Giorgio_Frassati\" data-type=\"link\" data-id=\"https:\/\/en.wikipedia.org\/wiki\/Pier_Giorgio_Frassati\">Pier Giorgio Frassati<\/a> - uno degli abitanti pi\u00f9 significativi di Pollone. Il paese ha ospitato anche altre personalit\u00e0 di spicco, tra cui&nbsp;<a href=\"https:\/\/en.wikipedia.org\/wiki\/Benedetto_Croce\" data-type=\"link\" data-id=\"https:\/\/en.wikipedia.org\/wiki\/Benedetto_Croce\">Benedetto Croce<\/a>&nbsp;e&nbsp;<a href=\"https:\/\/en.wikipedia.org\/wiki\/Gustavo_Colonnetti\" data-type=\"link\" data-id=\"https:\/\/en.wikipedia.org\/wiki\/Gustavo_Colonnetti\">Gustavo Colonnetti.<\/a><\/p>\n\n\n\n<p>Pollone \u00e8 una comunit\u00e0 accogliente con eccellenti negozi di alimentari, caff\u00e8 e ristoranti locali, tra cui uno stellato.<\/p>\n\n\n\n<hr class=\"wp-block-separator has-alpha-channel-opacity\"\/>\n\n\n\n<h2 class=\"wp-block-heading\">Oltre alle camere dello Studium stesso, le opzioni nelle vicinanze includono diversi Bed and Breakfast :<\/h2>\n\n\n\n<ul class=\"wp-block-list\">\n<li><strong><a href=\"https:\/\/www.frazionechiavolino.it\" data-type=\"link\" data-id=\"https:\/\/www.frazionechiavolino.it\">Relais di Charme - Frazione Chiavolino<\/a><\/strong>&nbsp;(camere in stile agriturismo)<\/li>\n\n\n\n<li><strong><a href=\"https:\/\/www.bb-hortensia.com\" data-type=\"link\" data-id=\"https:\/\/www.bb-hortensia.com\">Hortensia B&amp;<\/a>B<\/strong>&nbsp;(camere spaziose con giardino)<\/li>\n\n\n\n<li><strong><a href=\"https:\/\/www.villatavallini.it\/bb\/\" data-type=\"link\" data-id=\"https:\/\/www.villatavallini.it\/bb\/\">Villa Tavallini<\/a><\/strong>&nbsp;(camere doppie da 60 \u20ac; uso singolo da 50 \u20ac)<\/li>\n\n\n\n<li><a href=\"https:\/\/www.villalavittoria.it\" data-type=\"link\" data-id=\"https:\/\/www.villalavittoria.it\"><strong>Villa La Vittoria<\/strong>&nbsp;<\/a>(camere con vista sul giardino con colazioni raffinate)<\/li>\n\n\n\n<li><strong><a href=\"https:\/\/www.bbilterrazzopollone.it\/en\/\" data-type=\"link\" data-id=\"https:\/\/www.bbilterrazzopollone.it\/en\/\">Il Terrazzo<\/a><\/strong>&nbsp;(varie opzioni di B&amp;B vicino alle attrazioni di Biella)<\/li>\n\n\n\n<li><strong><a href=\"https:\/\/www.airbnb.it\/rooms\/10334100?check_in=2022-06-14&amp;check_out=2022-06-19&amp;federated_search_id=73183898-790d-46e9-94bc-ae03a38714b2&amp;source_impression_id=p3_1644324663_MWsbtqKwiUIHb8bz\" data-type=\"link\" data-id=\"https:\/\/www.airbnb.it\/rooms\/10334100?check_in=2022-06-14&amp;check_out=2022-06-19&amp;federated_search_id=73183898-790d-46e9-94bc-ae03a38714b2&amp;source_impression_id=p3_1644324663_MWsbtqKwiUIHb8bz\">Residenza Airbnb<\/a><\/strong><\/li>\n<\/ul>\n\n\n\n<p>La regione di Biella offre anche molti altri hotel, pensioni e B&amp;B.<\/p>\n\n\n\n<p><\/p>\n\n\n\n<div class=\"wp-block-media-text alignwide has-media-on-the-right is-stacked-on-mobile\"><div class=\"wp-block-media-text__content\">\n<p><a href=\"https:\/\/www.google.com\/travel\/search?q=hotel%20pollone&amp;g2lb=4965990%2C4969803%2C72277293%2C72302247%2C72317059%2C72406588%2C72414906%2C72421566%2C72471280%2C72472051%2C72481459%2C72485658%2C72560029%2C72573224%2C72601598%2C72616120%2C72619927%2C72647020%2C72648289%2C72686036%2C72760082%2C72763836%2C72803964%2C72808078%2C72825294%2C72827241%2C72832976%2C72882230%2C72885032%2C72894324&amp;hl=fr-CH&amp;gl=ch&amp;ssta=1&amp;ts=CAESCgoCCAMKAggDEAAaUgo0EjAyJTB4NDc4NjIwOWU0N2U3NDBlNToweGJjZWI4OGFlNTM4MTk0ZTA6B1BvbGxvbmUaABIaEhQKBwjpDxAHGAcSBwjpDxAHGAoYAzICCAEqDQoJOgNDSEZiAggBGgA&amp;qs=CAE4BlpGMkSqAUEQASoJIgVob3RlbCgEMh8QASIb-1IcdE4g5Ysz0S5u-0vrQJN4Cv6V9wQx_s90MhEQAiINaG90ZWwgcG9sbG9uZQ&amp;ap=KigKEgky-S5pucBGQBHxBe0_XbkfQBISCYBLF8gh1EZAEfiC9p-BNiBAMAFoAQ&amp;ictx=111&amp;ved=0CAAQ5JsGahcKEwiQqYzx0uuMAxUAAAAAHQAAAAAQCQ\">La citt\u00e0 di Biella e gli altri paesi intorno a Pollone offrono molte altre possibilit\u00e0 di soggiorno. <\/a><\/p>\n<\/div><figure class=\"wp-block-media-text__media\"><a href=\"https:\/\/www.google.com\/travel\/search?q=hotel%20pollone&amp;g2lb=4965990%2C4969803%2C72277293%2C72302247%2C72317059%2C72406588%2C72414906%2C72421566%2C72471280%2C72472051%2C72481459%2C72485658%2C72560029%2C72573224%2C72601598%2C72616120%2C72619927%2C72647020%2C72648289%2C72686036%2C72760082%2C72763836%2C72803964%2C72808078%2C72825294%2C72827241%2C72832976%2C72882230%2C72885032%2C72894324&amp;hl=fr-CH&amp;gl=ch&amp;ssta=1&amp;ts=CAESCgoCCAMKAggDEAAaUgo0EjAyJTB4NDc4NjIwOWU0N2U3NDBlNToweGJjZWI4OGFlNTM4MTk0ZTA6B1BvbGxvbmUaABIaEhQKBwjpDxAHGAcSBwjpDxAHGAoYAzICCAEqDQoJOgNDSEZiAggBGgA&amp;qs=CAE4BlpGMkSqAUEQASoJIgVob3RlbCgEMh8QASIb-1IcdE4g5Ysz0S5u-0vrQJN4Cv6V9wQx_s90MhEQAiINaG90ZWwgcG9sbG9uZQ&amp;ap=KigKEgky-S5pucBGQBHxBe0_XbkfQBISCYBLF8gh1EZAEfiC9p-BNiBAMAFoAQ&amp;ictx=111&amp;ved=0CAAQ5JsGahcKEwiQqYzx0uuMAxUAAAAAHQAAAAAQCQ\"><img loading=\"lazy\" decoding=\"async\" width=\"561\" height=\"497\" src=\"https:\/\/studium1.com\/wp-content\/uploads\/2025\/04\/Map.jpg\" alt=\"\" class=\"wp-image-29532 size-full\" srcset=\"https:\/\/studium1.com\/wp-content\/uploads\/2025\/04\/Map.jpg 561w, https:\/\/studium1.com\/wp-content\/uploads\/2025\/04\/Map-300x266.jpg 300w\" sizes=\"auto, (max-width: 561px) 100vw, 561px\" \/><\/a><\/figure><\/div>\n\n\n\n<hr class=\"wp-block-separator has-alpha-channel-opacity\"\/>\n\n\n\n<h2 class=\"wp-block-heading\">Come raggiungere Pollone<\/h2>\n\n\n\n<ul class=\"wp-block-list\">\n<li><strong>In aereo<\/strong>\n<ul class=\"wp-block-list\">\n<li>Aeroporti pi\u00f9 vicini:&nbsp;<strong>Milano Malpensa<\/strong>&nbsp;e&nbsp;<strong>Torino Caselle<\/strong>.<\/li>\n\n\n\n<li>L'opzione pi\u00f9 semplice: noleggiare un'auto all'aeroporto (circa 1h15 di viaggio).<\/li>\n<\/ul>\n<\/li>\n\n\n\n<li><strong>In treno<\/strong>\n<ul class=\"wp-block-list\">\n<li>Da&nbsp;<strong>Milano<\/strong>&nbsp;o&nbsp;<strong>Torino<\/strong>, treni a cadenza oraria per&nbsp;<strong>Santhi\u00e0<\/strong>.<\/li>\n\n\n\n<li>Da Santhi\u00e0, collegarsi a&nbsp;<strong>Biella San Paolo<\/strong>&nbsp;stazione.<\/li>\n\n\n\n<li>Da Biella, Pollone \u00e8 a breve distanza&nbsp;<strong>10 minuti di taxi<\/strong>.<\/li>\n<\/ul>\n<\/li>\n<\/ul>\n\n\n\n<hr class=\"wp-block-separator has-alpha-channel-opacity\"\/>","protected":false},"excerpt":{"rendered":"<p>Lo Studium si trova nel tranquillo villaggio alpino di Pollone, a soli 90 minuti da Milano e Torino. Immerso tra montagne e campagna, offre un ambiente unico dove studio, dialogo, ospitalit\u00e0 e spiritualit\u00e0 si fondono. La natura inizia proprio fuori dalla porta, con l'accesso diretto a sentieri per passeggiate ed escursioni come il Parco della Burcina e Poggio Frassati, ... <\/p>\n<p class=\"link-more\"><a href=\"https:\/\/studium1.com\/it\/practical-information\/\" class=\"more-link\">Leggi tutto<span class=\"screen-reader-text\"> \u201cInformazioni pratiche\u201d<\/span><\/a><\/p>","protected":false},"author":4,"featured_media":0,"parent":0,"menu_order":0,"comment_status":"closed","ping_status":"closed","template":"","meta":{"footnotes":""},"class_list":["post-29736","page","type-page","status-publish","hentry"],"_links":{"self":[{"href":"https:\/\/studium1.com\/it\/wp-json\/wp\/v2\/pages\/29736","targetHints":{"allow":["GET"]}}],"collection":[{"href":"https:\/\/studium1.com\/it\/wp-json\/wp\/v2\/pages"}],"about":[{"href":"https:\/\/studium1.com\/it\/wp-json\/wp\/v2\/types\/page"}],"author":[{"embeddable":true,"href":"https:\/\/studium1.com\/it\/wp-json\/wp\/v2\/users\/4"}],"replies":[{"embeddable":true,"href":"https:\/\/studium1.com\/it\/wp-json\/wp\/v2\/comments?post=29736"}],"version-history":[{"count":1,"href":"https:\/\/studium1.com\/it\/wp-json\/wp\/v2\/pages\/29736\/revisions"}],"predecessor-version":[{"id":29737,"href":"https:\/\/studium1.com\/it\/wp-json\/wp\/v2\/pages\/29736\/revisions\/29737"}],"wp:attachment":[{"href":"https:\/\/studium1.com\/it\/wp-json\/wp\/v2\/media?parent=29736"}],"curies":[{"name":"wp","href":"https:\/\/api.w.org\/{rel}","templated":true}]}}