{"id":29654,"date":"2025-09-06T09:35:21","date_gmt":"2025-09-06T07:35:21","guid":{"rendered":"https:\/\/studium1.com\/?page_id=29654"},"modified":"2026-01-28T17:23:56","modified_gmt":"2026-01-28T16:23:56","slug":"studium-hospitality","status":"publish","type":"page","link":"https:\/\/studium1.com\/it\/studium-hospitality\/","title":{"rendered":"Casa dell'ospitalit\u00e0"},"content":{"rendered":"<p>Lo Studium si trova nel tranquillo villaggio alpino di &nbsp;<strong><a href=\"https:\/\/en.wikipedia.org\/wiki\/Pollone\" data-type=\"link\" data-id=\"https:\/\/en.wikipedia.org\/wiki\/Pollone\">Pollone<\/a><\/strong>a soli 90 minuti da Milano e Torino. Incastonato tra le montagne e la campagna, offre un ambiente unico dove <strong>studio, dialogo, ospitalit\u00e0 e spiritualit\u00e0<\/strong> si uniscono.<\/p>\n\n\n\n<p>La natura inizia proprio fuori dalla porta di casa, con accesso diretto a sentieri per passeggiate ed escursioni come il&nbsp;<a href=\"https:\/\/en.wikipedia.org\/wiki\/Parco_Burcina_Natural_Reserve\" data-type=\"link\" data-id=\"https:\/\/en.wikipedia.org\/wiki\/Parco_Burcina_Natural_Reserve\">Parco della Burcina<\/a>&nbsp;e&nbsp;<a href=\"https:\/\/en.wikipedia.org\/wiki\/International_Frassati_Path_of_Pollone\" data-type=\"link\" data-id=\"https:\/\/en.wikipedia.org\/wiki\/International_Frassati_Path_of_Pollone\">Poggio Frassati,<\/a> intitolato alla memoria di <a href=\"https:\/\/en.wikipedia.org\/wiki\/Pier_Giorgio_Frassati\" data-type=\"link\" data-id=\"https:\/\/en.wikipedia.org\/wiki\/Pier_Giorgio_Frassati\">Pier Giorgio Frassati<\/a> - uno degli abitanti pi\u00f9 significativi di Pollone. Il paese ha ospitato anche altre personalit\u00e0 di spicco, tra cui&nbsp;<a href=\"https:\/\/en.wikipedia.org\/wiki\/Benedetto_Croce\" data-type=\"link\" data-id=\"https:\/\/en.wikipedia.org\/wiki\/Benedetto_Croce\">Benedetto Croce<\/a>&nbsp;e&nbsp;<a href=\"https:\/\/en.wikipedia.org\/wiki\/Gustavo_Colonnetti\" data-type=\"link\" data-id=\"https:\/\/en.wikipedia.org\/wiki\/Gustavo_Colonnetti\">Gustavo Colonnetti.<\/a><\/p>\n\n\n\n<p>Pollone \u00e8 una comunit\u00e0 accogliente con eccellenti negozi di alimentari, caff\u00e8 e ristoranti locali, tra cui uno stellato.<\/p>\n\n\n\n<p>\ud83d\udc49 Da qui i visitatori possono esplorare non solo le bellezze naturali delle Alpi, ma anche il ricco patrimonio culturale e intellettuale della regione.<\/p>\n\n\n\n<p class=\"has-medium-font-size\"><strong>La casa<\/strong><\/p>\n\n\n\n<p>Nel cuore di questo villaggio, il <strong>Studium <\/strong>La Casa offre uno spazio accogliente e flessibile per singoli e gruppi, sia come luogo di studio e di incontro, sia come casa accogliente per seminari, workshop, scuole estive e ritiri. L'atmosfera \u00e8 informale e comunitaria e incoraggia la condivisione dei pasti, il dialogo e la creativit\u00e0. Si compone di :<\/p>\n\n\n\n<ul class=\"wp-block-list\">\n<li>9 camere da letto (7 doppie, 2 singole)<\/li>\n\n\n\n<li>6 bagni<\/li>\n\n\n\n<li>Ampia sala conferenze (fino a 40 partecipanti)<\/li>\n\n\n\n<li>Cucina professionale e angolo cottura aggiuntivo<\/li>\n\n\n\n<li>Lavanderia<\/li>\n\n\n\n<li>Ampio giardino, dove gli studenti possono anche montare tende per una semplice sistemazione e vita all'aria aperta<\/li>\n<\/ul>\n\n\n<a href=\"https:\/\/studium1.com\/wp-content\/uploads\/2023\/04\/Studium-photos.pdf\" class=\"pdfemb-viewer\" style=\"\" data-width=\"max\" data-height=\"max\" data-toolbar=\"bottom\" data-toolbar-fixed=\"off\">Studio-foto<\/a>\n\n\n<p>La casa \u00e8 gestita dalla <a href=\"http:\/\/www.canceprev.com\" data-type=\"link\" data-id=\"www.canceprev.com\">Istituto internazionale per la prevenzione del cancro<\/a> ed \u00e8 disponibile per singoli o gruppi, a seconda delle esigenze dell'Istituto. Suggeriamo donazioni volontarie per contribuire a coprire le spese di alloggio: 30 euro a persona per notte durante i mesi estivi e 50 euro in inverno (per contribuire alle spese di riscaldamento).<\/p>\n\n\n\n<p><a href=\"https:\/\/studium1.com\/it\/donazioni-2\/\" data-type=\"link\" data-id=\"https:\/\/studium1.com\/donazioni-2\/\">Clicca qui per maggiori informazioni e richieste<\/a>.<\/p>\n\n\n\n<hr class=\"wp-block-separator has-alpha-channel-opacity\"\/>\n\n\n\n<h2 class=\"wp-block-heading\"><\/h2>","protected":false},"excerpt":{"rendered":"<p>Lo Studium si trova nel tranquillo villaggio alpino di Pollone, a soli 90 minuti da Milano e Torino. Immerso tra montagne e campagna, offre un ambiente unico dove studio, dialogo, ospitalit\u00e0 e spiritualit\u00e0 si fondono. La natura inizia proprio fuori dalla porta, con l'accesso diretto a sentieri per passeggiate ed escursioni come il Parco della Burcina e Poggio Frassati, ... <\/p>\n<p class=\"link-more\"><a href=\"https:\/\/studium1.com\/it\/studium-hospitality\/\" class=\"more-link\">Leggi tutto<span class=\"screen-reader-text\"> \"Casa dell'ospitalit\u00e0\"<\/span><\/a><\/p>","protected":false},"author":1,"featured_media":0,"parent":0,"menu_order":0,"comment_status":"closed","ping_status":"closed","template":"","meta":{"footnotes":""},"class_list":["post-29654","page","type-page","status-publish","hentry"],"_links":{"self":[{"href":"https:\/\/studium1.com\/it\/wp-json\/wp\/v2\/pages\/29654","targetHints":{"allow":["GET"]}}],"collection":[{"href":"https:\/\/studium1.com\/it\/wp-json\/wp\/v2\/pages"}],"about":[{"href":"https:\/\/studium1.com\/it\/wp-json\/wp\/v2\/types\/page"}],"author":[{"embeddable":true,"href":"https:\/\/studium1.com\/it\/wp-json\/wp\/v2\/users\/1"}],"replies":[{"embeddable":true,"href":"https:\/\/studium1.com\/it\/wp-json\/wp\/v2\/comments?post=29654"}],"version-history":[{"count":20,"href":"https:\/\/studium1.com\/it\/wp-json\/wp\/v2\/pages\/29654\/revisions"}],"predecessor-version":[{"id":29738,"href":"https:\/\/studium1.com\/it\/wp-json\/wp\/v2\/pages\/29654\/revisions\/29738"}],"wp:attachment":[{"href":"https:\/\/studium1.com\/it\/wp-json\/wp\/v2\/media?parent=29654"}],"curies":[{"name":"wp","href":"https:\/\/api.w.org\/{rel}","templated":true}]}}