{"id":29651,"date":"2025-09-06T09:33:10","date_gmt":"2025-09-06T07:33:10","guid":{"rendered":"https:\/\/studium1.com\/?page_id=29651"},"modified":"2025-09-08T09:47:04","modified_gmt":"2025-09-08T07:47:04","slug":"membership-virtual-access","status":"publish","type":"page","link":"https:\/\/studium1.com\/it\/membership-virtual-access\/","title":{"rendered":"Iscrizione e accesso virtuale"},"content":{"rendered":"<h2 class=\"wp-block-heading\"><strong>Iscrizione a Studium<\/strong><\/h2>\n\n\n\n<p>Lo Studium \u00e8 pi\u00f9 di un luogo fisico: \u00e8 anche un&nbsp;<strong>piattaforma internazionale di dialogo<\/strong>. Attraverso i nostri seminari online, gli eventi ibridi e i forum di discussione, mettiamo in contatto i partecipanti tra culture, generazioni e discipline diverse.<\/p>\n\n\n\n<p><strong>Perch\u00e9 diventare membri?<\/strong><br>L'iscrizione d\u00e0 accesso a:<\/p>\n\n\n\n<ul class=\"wp-block-list\">\n<li>Inviti al nostro&nbsp;<strong>eventi online e ibridi<\/strong>&nbsp;(lezioni, seminari, workshop).<\/li>\n\n\n\n<li>Aggiornamenti sulle prossime iniziative e sulle opportunit\u00e0 di contribuire.<\/li>\n\n\n\n<li>Una comunit\u00e0 di studenti, ricercatori e studenti per tutta la vita che condividono l'impegno per il dialogo tra medicina e cultura.<\/li>\n\n\n\n<li>Occasionali opportunit\u00e0 di partecipazione di persona a workshop e ritiri.<\/li>\n<\/ul>\n\n\n\n<p><strong>Chi pu\u00f2 candidarsi?<\/strong><br>L'adesione \u00e8 aperta a:<\/p>\n\n\n\n<ul class=\"wp-block-list\">\n<li>Studenti e giovani professionisti<\/li>\n\n\n\n<li>Ricercatori e studiosi<\/li>\n\n\n\n<li>I professionisti e gli studenti interessati all'intersezione tra&nbsp;<strong>medicina, cultura e societ\u00e0<\/strong><\/li>\n<\/ul>\n\n\n\n<p><strong>Come candidarsi<\/strong><br>Inviate una breve e-mail a&nbsp;<strong>info (at) cancerprev.com<\/strong>&nbsp;con:<\/p>\n\n\n\n<ul class=\"wp-block-list\">\n<li>Il vostro nome e il vostro background<\/li>\n\n\n\n<li>La motivazione che vi ha spinto a iscrivervi a Studium<\/li>\n\n\n\n<li>Come si spera di contribuire o beneficiare della comunit\u00e0<\/li>\n<\/ul>\n\n\n\n<p>\ud83d\udc49 L'iscrizione Junior \u00e8 gratuita. <a href=\"https:\/\/studium1.com\/it\/donazioni-2\/\" data-type=\"link\" data-id=\"https:\/\/studium1.com\/donazioni-2\/\"><strong>Le donazioni volontarie dei membri sono caldamente incoraggiate. <\/strong><\/a>per sostenere le attivit\u00e0 e i nuovi programmi di Studium, comprese le borse di viaggio e le borse di studio. <\/p>\n\n\n\n<p><\/p>","protected":false},"excerpt":{"rendered":"<p>L'appartenenza a Studium Studium \u00e8 pi\u00f9 di un luogo fisico: \u00e8 anche una piattaforma internazionale di dialogo. Attraverso i nostri seminari online, gli eventi ibridi e i forum di discussione, mettiamo in contatto i partecipanti tra culture, generazioni e discipline diverse. Perch\u00e9 diventare membri? L'adesione d\u00e0 accesso a: Chi pu\u00f2 candidarsi? L'iscrizione \u00e8 aperta a: Come candidarsiInviare una breve e-mail ... <\/p>\n<p class=\"link-more\"><a href=\"https:\/\/studium1.com\/it\/membership-virtual-access\/\" class=\"more-link\">Leggi tutto<span class=\"screen-reader-text\"> \"Iscrizione e accesso virtuale\"<\/span><\/a><\/p>","protected":false},"author":1,"featured_media":0,"parent":0,"menu_order":0,"comment_status":"closed","ping_status":"closed","template":"","meta":{"footnotes":""},"class_list":["post-29651","page","type-page","status-publish","hentry"],"_links":{"self":[{"href":"https:\/\/studium1.com\/it\/wp-json\/wp\/v2\/pages\/29651","targetHints":{"allow":["GET"]}}],"collection":[{"href":"https:\/\/studium1.com\/it\/wp-json\/wp\/v2\/pages"}],"about":[{"href":"https:\/\/studium1.com\/it\/wp-json\/wp\/v2\/types\/page"}],"author":[{"embeddable":true,"href":"https:\/\/studium1.com\/it\/wp-json\/wp\/v2\/users\/1"}],"replies":[{"embeddable":true,"href":"https:\/\/studium1.com\/it\/wp-json\/wp\/v2\/comments?post=29651"}],"version-history":[{"count":5,"href":"https:\/\/studium1.com\/it\/wp-json\/wp\/v2\/pages\/29651\/revisions"}],"predecessor-version":[{"id":29697,"href":"https:\/\/studium1.com\/it\/wp-json\/wp\/v2\/pages\/29651\/revisions\/29697"}],"wp:attachment":[{"href":"https:\/\/studium1.com\/it\/wp-json\/wp\/v2\/media?parent=29651"}],"curies":[{"name":"wp","href":"https:\/\/api.w.org\/{rel}","templated":true}]}}