{"id":29568,"date":"2025-09-02T13:38:51","date_gmt":"2025-09-02T11:38:51","guid":{"rendered":"https:\/\/studium1.com\/?page_id=29568"},"modified":"2025-11-28T09:27:27","modified_gmt":"2025-11-28T08:27:27","slug":"studium","status":"publish","type":"page","link":"https:\/\/studium1.com\/it\/","title":{"rendered":""},"content":{"rendered":"<p class=\"has-text-align-left has-medium-font-size\"><em><strong>Dove medicina e cultura si incontrano e colmano i divari - da un piccolo villaggio nelle Alpi italiane a una piattaforma globale per il dialogo.<\/strong><\/em><\/p>\n\n\n\n<p class=\"has-text-align-center has-medium-font-size\"><strong>La nostra missione<\/strong><\/p>\n\n\n\n<p class=\"has-medium-font-size\">Il mondo \u00e8 diviso da generazioni, culture e conflitti.\u00a0<strong>Studium \u00e8 un punto d'incontro per lo scambio e l'educazione reciproca.<\/strong><\/p>\n\n\n\n<p class=\"has-medium-font-size\">A partire da una casa di ospitalit\u00e0 nelle Alpi italiane e attraverso una piattaforma internazionale, persone di ogni et\u00e0 e provenienza si riuniscono per confrontarsi con le domande del nostro tempo, costruire ponti e scoprire nuovi cammini di comprensione.<\/p>\n\n\n\n<div class=\"wp-block-group is-nowrap is-layout-flex wp-container-core-group-is-layout-ad2f72ca wp-block-group-is-layout-flex\">\n<p class=\"has-text-align-left has-medium-font-size\">Studium si basa su tre principi chiave:<br>- <strong>I piccoli gruppi sono importanti.<\/strong> La vera comprensione e l'apprendimento reciproco non si ottengono solo con le parole, ma anche con la presenza fisica e la vicinanza. .<br>- <strong>L'apprendimento cresce attraverso il dialogo<\/strong>. Il modo migliore per imparare \u00e8 insegnare e discutere le idee con gli altri.<br>- <strong>Approfondimento della conoscenza e nuove intuizioni richiedono tempo per la riflessione e l'ascolto.<\/strong>. Esperti e studenti di qualsiasi et\u00e0 possono imparare l'uno dall'altro quando danno spazio al silenzio, per pensare e per ascoltarsi in profondit\u00e0.<\/p>\n\n\n\n<hr class=\"wp-block-separator has-alpha-channel-opacity\"\/>\n<\/div>\n\n\n\n<p class=\"has-medium-font-size\"><\/p>\n\n\n\n<p class=\"has-medium-font-size\">A Studium,\u00a0<strong>il dialogo diventa servizio - e lo studio diventa speranza.<\/strong><\/p>\n\n\n\n<p class=\"has-text-align-center has-medium-font-size\"><strong>Due pilastri di Studium<\/strong><\/p>\n\n\n\n<p class=\"has-medium-font-size\"><strong>\ud83c\udfe1<\/strong><strong>&nbsp;Una casa nelle Alpi<\/strong><br>A Pollone, in Italia, la nostra casa di ospitalit\u00e0 e il nostro centro conferenze accolgono studenti e ricercatori di tutte le et\u00e0 per workshops, campi estivi o semplicemente per periodi di riposo e di riflessione.<\/p>\n\n\n\n<p class=\"has-medium-font-size\"><strong>\ud83c\udf0d<\/strong><strong>&nbsp;Una piattaforma globale<\/strong><br>Tramite connessioni online, Studium estende la sua portata a livello internazionale, creando uno spazio di dialogo tra i continenti. Attraverso seminari e conferenze ibride, gruppi di discussione, incontro e supporto personalizzato, condividiamo conoscenza, solidariet\u00e0 e speranza con chi vive in contesti di conflitto o di bisogno particolare.<\/p>","protected":false},"excerpt":{"rendered":"<p>Dove medicina e cultura si incontrano e colmano i divari - da un piccolo villaggio nelle Alpi italiane a una piattaforma globale per il dialogo. La nostra missione Il mondo \u00e8 diviso da generazioni, culture e conflitti. Studium \u00e8 un punto d'incontro di scambio e di educazione reciproca. Radicato in una casa di ospitalit\u00e0 nelle Alpi italiane e ampliato ... <\/p>\n<p class=\"link-more\"><a href=\"https:\/\/studium1.com\/it\/\" class=\"more-link\">Leggi tutto<span class=\"screen-reader-text\"> \u201c\u201d<\/span><\/a><\/p>","protected":false},"author":1,"featured_media":0,"parent":0,"menu_order":0,"comment_status":"closed","ping_status":"closed","template":"","meta":{"footnotes":""},"class_list":["post-29568","page","type-page","status-publish","hentry"],"_links":{"self":[{"href":"https:\/\/studium1.com\/it\/wp-json\/wp\/v2\/pages\/29568","targetHints":{"allow":["GET"]}}],"collection":[{"href":"https:\/\/studium1.com\/it\/wp-json\/wp\/v2\/pages"}],"about":[{"href":"https:\/\/studium1.com\/it\/wp-json\/wp\/v2\/types\/page"}],"author":[{"embeddable":true,"href":"https:\/\/studium1.com\/it\/wp-json\/wp\/v2\/users\/1"}],"replies":[{"embeddable":true,"href":"https:\/\/studium1.com\/it\/wp-json\/wp\/v2\/comments?post=29568"}],"version-history":[{"count":9,"href":"https:\/\/studium1.com\/it\/wp-json\/wp\/v2\/pages\/29568\/revisions"}],"predecessor-version":[{"id":29731,"href":"https:\/\/studium1.com\/it\/wp-json\/wp\/v2\/pages\/29568\/revisions\/29731"}],"wp:attachment":[{"href":"https:\/\/studium1.com\/it\/wp-json\/wp\/v2\/media?parent=29568"}],"curies":[{"name":"wp","href":"https:\/\/api.w.org\/{rel}","templated":true}]}}