{"id":29736,"date":"2026-01-28T17:23:15","date_gmt":"2026-01-28T16:23:15","guid":{"rendered":"https:\/\/studium1.com\/?page_id=29736"},"modified":"2026-01-28T17:23:16","modified_gmt":"2026-01-28T16:23:16","slug":"practical-information","status":"publish","type":"page","link":"https:\/\/studium1.com\/fr\/practical-information\/","title":{"rendered":"Informations pratiques"},"content":{"rendered":"<p>Studium est situ\u00e9 dans le paisible village alpin de &nbsp;<strong><a href=\"https:\/\/en.wikipedia.org\/wiki\/Pollone\" data-type=\"link\" data-id=\"https:\/\/en.wikipedia.org\/wiki\/Pollone\">Pollone<\/a><\/strong>\u00e0 seulement 90 minutes de Milan et de Turin. Nich\u00e9e entre les montagnes et la campagne, elle offre un environnement unique o\u00f9 l'on peut <strong>\u00e9tude, dialogue, hospitalit\u00e9 et spiritualit\u00e9<\/strong> s'unissent.<\/p>\n\n\n\n<p>La nature commence juste devant la porte, avec un acc\u00e8s direct aux sentiers de promenade et de randonn\u00e9e tels que le&nbsp;<a href=\"https:\/\/en.wikipedia.org\/wiki\/Parco_Burcina_Natural_Reserve\" data-type=\"link\" data-id=\"https:\/\/en.wikipedia.org\/wiki\/Parco_Burcina_Natural_Reserve\">Parco della Burcina<\/a>&nbsp;et&nbsp;<a href=\"https:\/\/en.wikipedia.org\/wiki\/International_Frassati_Path_of_Pollone\" data-type=\"link\" data-id=\"https:\/\/en.wikipedia.org\/wiki\/International_Frassati_Path_of_Pollone\">Poggio Frassati,<\/a> nomm\u00e9 en m\u00e9moire de <a href=\"https:\/\/en.wikipedia.org\/wiki\/Pier_Giorgio_Frassati\" data-type=\"link\" data-id=\"https:\/\/en.wikipedia.org\/wiki\/Pier_Giorgio_Frassati\">Pier Giorgio Frassati<\/a> - l'un des habitants les plus remarquables de Pollone. Le village a \u00e9galement accueilli d'autres personnalit\u00e9s \u00e9minentes, parmi lesquelles&nbsp;<a href=\"https:\/\/en.wikipedia.org\/wiki\/Benedetto_Croce\" data-type=\"link\" data-id=\"https:\/\/en.wikipedia.org\/wiki\/Benedetto_Croce\">Benedetto Croce<\/a>&nbsp;et&nbsp;<a href=\"https:\/\/en.wikipedia.org\/wiki\/Gustavo_Colonnetti\" data-type=\"link\" data-id=\"https:\/\/en.wikipedia.org\/wiki\/Gustavo_Colonnetti\">Gustavo Colonnetti.<\/a><\/p>\n\n\n\n<p>Pollone est une communaut\u00e9 accueillante qui compte d'excellents magasins d'alimentation, des caf\u00e9s et des restaurants locaux, dont un \u00e9toil\u00e9 Michelin.<\/p>\n\n\n\n<hr class=\"wp-block-separator has-alpha-channel-opacity\"\/>\n\n\n\n<h2 class=\"wp-block-heading\">Outre les chambres du Studium lui-m\u00eame, les options \u00e0 proximit\u00e9 comprennent de multiples chambres d'h\u00f4tes :<\/h2>\n\n\n\n<ul class=\"wp-block-list\">\n<li><strong><a href=\"https:\/\/www.frazionechiavolino.it\" data-type=\"link\" data-id=\"https:\/\/www.frazionechiavolino.it\">Relais di Charme - Frazione Chiavolino<\/a><\/strong>&nbsp;(chambres de style fermier)<\/li>\n\n\n\n<li><strong><a href=\"https:\/\/www.bb-hortensia.com\" data-type=\"link\" data-id=\"https:\/\/www.bb-hortensia.com\">Hortensia B&amp;<\/a>B<\/strong>&nbsp;(chambres spacieuses avec jardin)<\/li>\n\n\n\n<li><strong><a href=\"https:\/\/www.villatavallini.it\/bb\/\" data-type=\"link\" data-id=\"https:\/\/www.villatavallini.it\/bb\/\">Villa Tavallini<\/a><\/strong>&nbsp;(chambres doubles \u00e0 partir de 60 \u20ac ; utilisation simple \u00e0 partir de 50 \u20ac)<\/li>\n\n\n\n<li><a href=\"https:\/\/www.villalavittoria.it\" data-type=\"link\" data-id=\"https:\/\/www.villalavittoria.it\"><strong>Villa La Vittoria<\/strong>&nbsp;<\/a>(chambres avec vue sur le jardin et petits d\u00e9jeuners raffin\u00e9s)<\/li>\n\n\n\n<li><strong><a href=\"https:\/\/www.bbilterrazzopollone.it\/en\/\" data-type=\"link\" data-id=\"https:\/\/www.bbilterrazzopollone.it\/en\/\">Il Terrazzo<\/a><\/strong>&nbsp;(diverses options de B&amp;B \u00e0 proximit\u00e9 des attractions de Biella)<\/li>\n\n\n\n<li><strong><a href=\"https:\/\/www.airbnb.it\/rooms\/10334100?check_in=2022-06-14&amp;check_out=2022-06-19&amp;federated_search_id=73183898-790d-46e9-94bc-ae03a38714b2&amp;source_impression_id=p3_1644324663_MWsbtqKwiUIHb8bz\" data-type=\"link\" data-id=\"https:\/\/www.airbnb.it\/rooms\/10334100?check_in=2022-06-14&amp;check_out=2022-06-19&amp;federated_search_id=73183898-790d-46e9-94bc-ae03a38714b2&amp;source_impression_id=p3_1644324663_MWsbtqKwiUIHb8bz\">R\u00e9sidence Airbnb<\/a><\/strong><\/li>\n<\/ul>\n\n\n\n<p>La r\u00e9gion de Biella propose \u00e9galement de nombreux autres h\u00f4tels, pensions et chambres d'h\u00f4tes.<\/p>\n\n\n\n<p><\/p>\n\n\n\n<div class=\"wp-block-media-text alignwide has-media-on-the-right is-stacked-on-mobile\"><div class=\"wp-block-media-text__content\">\n<p><a href=\"https:\/\/www.google.com\/travel\/search?q=hotel%20pollone&amp;g2lb=4965990%2C4969803%2C72277293%2C72302247%2C72317059%2C72406588%2C72414906%2C72421566%2C72471280%2C72472051%2C72481459%2C72485658%2C72560029%2C72573224%2C72601598%2C72616120%2C72619927%2C72647020%2C72648289%2C72686036%2C72760082%2C72763836%2C72803964%2C72808078%2C72825294%2C72827241%2C72832976%2C72882230%2C72885032%2C72894324&amp;hl=fr-CH&amp;gl=ch&amp;ssta=1&amp;ts=CAESCgoCCAMKAggDEAAaUgo0EjAyJTB4NDc4NjIwOWU0N2U3NDBlNToweGJjZWI4OGFlNTM4MTk0ZTA6B1BvbGxvbmUaABIaEhQKBwjpDxAHGAcSBwjpDxAHGAoYAzICCAEqDQoJOgNDSEZiAggBGgA&amp;qs=CAE4BlpGMkSqAUEQASoJIgVob3RlbCgEMh8QASIb-1IcdE4g5Ysz0S5u-0vrQJN4Cv6V9wQx_s90MhEQAiINaG90ZWwgcG9sbG9uZQ&amp;ap=KigKEgky-S5pucBGQBHxBe0_XbkfQBISCYBLF8gh1EZAEfiC9p-BNiBAMAFoAQ&amp;ictx=111&amp;ved=0CAAQ5JsGahcKEwiQqYzx0uuMAxUAAAAAHQAAAAAQCQ\">La ville de Biella et les autres villages autour de Pollone offrent de nombreuses autres possibilit\u00e9s d'h\u00e9bergement. <\/a><\/p>\n<\/div><figure class=\"wp-block-media-text__media\"><a href=\"https:\/\/www.google.com\/travel\/search?q=hotel%20pollone&amp;g2lb=4965990%2C4969803%2C72277293%2C72302247%2C72317059%2C72406588%2C72414906%2C72421566%2C72471280%2C72472051%2C72481459%2C72485658%2C72560029%2C72573224%2C72601598%2C72616120%2C72619927%2C72647020%2C72648289%2C72686036%2C72760082%2C72763836%2C72803964%2C72808078%2C72825294%2C72827241%2C72832976%2C72882230%2C72885032%2C72894324&amp;hl=fr-CH&amp;gl=ch&amp;ssta=1&amp;ts=CAESCgoCCAMKAggDEAAaUgo0EjAyJTB4NDc4NjIwOWU0N2U3NDBlNToweGJjZWI4OGFlNTM4MTk0ZTA6B1BvbGxvbmUaABIaEhQKBwjpDxAHGAcSBwjpDxAHGAoYAzICCAEqDQoJOgNDSEZiAggBGgA&amp;qs=CAE4BlpGMkSqAUEQASoJIgVob3RlbCgEMh8QASIb-1IcdE4g5Ysz0S5u-0vrQJN4Cv6V9wQx_s90MhEQAiINaG90ZWwgcG9sbG9uZQ&amp;ap=KigKEgky-S5pucBGQBHxBe0_XbkfQBISCYBLF8gh1EZAEfiC9p-BNiBAMAFoAQ&amp;ictx=111&amp;ved=0CAAQ5JsGahcKEwiQqYzx0uuMAxUAAAAAHQAAAAAQCQ\"><img loading=\"lazy\" decoding=\"async\" width=\"561\" height=\"497\" src=\"https:\/\/studium1.com\/wp-content\/uploads\/2025\/04\/Map.jpg\" alt=\"\" class=\"wp-image-29532 size-full\" srcset=\"https:\/\/studium1.com\/wp-content\/uploads\/2025\/04\/Map.jpg 561w, https:\/\/studium1.com\/wp-content\/uploads\/2025\/04\/Map-300x266.jpg 300w\" sizes=\"auto, (max-width: 561px) 100vw, 561px\" \/><\/a><\/figure><\/div>\n\n\n\n<hr class=\"wp-block-separator has-alpha-channel-opacity\"\/>\n\n\n\n<h2 class=\"wp-block-heading\">Comment se rendre \u00e0 Pollone<\/h2>\n\n\n\n<ul class=\"wp-block-list\">\n<li><strong>Par avion<\/strong>\n<ul class=\"wp-block-list\">\n<li>A\u00e9roports les plus proches :&nbsp;<strong>Milan Malpensa<\/strong>&nbsp;et&nbsp;<strong>Turin Caselle<\/strong>.<\/li>\n\n\n\n<li>Option la plus simple : louer une voiture \u00e0 l'a\u00e9roport (environ 1h15 de route).<\/li>\n<\/ul>\n<\/li>\n\n\n\n<li><strong>En train<\/strong>\n<ul class=\"wp-block-list\">\n<li>De&nbsp;<strong>Milan<\/strong>&nbsp;ou&nbsp;<strong>Turin<\/strong>Des trains circulent toutes les heures \u00e0 destination de&nbsp;<strong>Santhi\u00e0<\/strong>.<\/li>\n\n\n\n<li>Depuis Santhi\u00e0, se connecter \u00e0&nbsp;<strong>Biella San Paolo<\/strong>&nbsp;station.<\/li>\n\n\n\n<li>Depuis Biella, Pollone se trouve \u00e0 une courte distance.&nbsp;<strong>10 minutes en taxi<\/strong>.<\/li>\n<\/ul>\n<\/li>\n<\/ul>\n\n\n\n<hr class=\"wp-block-separator has-alpha-channel-opacity\"\/>","protected":false},"excerpt":{"rendered":"<p>Studium est situ\u00e9 dans le paisible village alpin de Pollone, \u00e0 seulement 90 minutes de Milan et de Turin. Nich\u00e9 entre les montagnes et la campagne, il offre un environnement unique o\u00f9 l'\u00e9tude, le dialogue, l'hospitalit\u00e9 et la spiritualit\u00e9 se rencontrent. La nature commence juste devant la porte, avec un acc\u00e8s direct aux sentiers de marche et de randonn\u00e9e tels que le Parco della Burcina et le Poggio Frassati, ... <\/p>\n<p class=\"link-more\"><a href=\"https:\/\/studium1.com\/fr\/practical-information\/\" class=\"more-link\">Continuer la lecture<span class=\"screen-reader-text\"> de \u00ab Informations pratiques \u00bb<\/span><\/a><\/p>","protected":false},"author":4,"featured_media":0,"parent":0,"menu_order":0,"comment_status":"closed","ping_status":"closed","template":"","meta":{"footnotes":""},"class_list":["post-29736","page","type-page","status-publish","hentry"],"_links":{"self":[{"href":"https:\/\/studium1.com\/fr\/wp-json\/wp\/v2\/pages\/29736","targetHints":{"allow":["GET"]}}],"collection":[{"href":"https:\/\/studium1.com\/fr\/wp-json\/wp\/v2\/pages"}],"about":[{"href":"https:\/\/studium1.com\/fr\/wp-json\/wp\/v2\/types\/page"}],"author":[{"embeddable":true,"href":"https:\/\/studium1.com\/fr\/wp-json\/wp\/v2\/users\/4"}],"replies":[{"embeddable":true,"href":"https:\/\/studium1.com\/fr\/wp-json\/wp\/v2\/comments?post=29736"}],"version-history":[{"count":1,"href":"https:\/\/studium1.com\/fr\/wp-json\/wp\/v2\/pages\/29736\/revisions"}],"predecessor-version":[{"id":29737,"href":"https:\/\/studium1.com\/fr\/wp-json\/wp\/v2\/pages\/29736\/revisions\/29737"}],"wp:attachment":[{"href":"https:\/\/studium1.com\/fr\/wp-json\/wp\/v2\/media?parent=29736"}],"curies":[{"name":"wp","href":"https:\/\/api.w.org\/{rel}","templated":true}]}}