{"id":29654,"date":"2025-09-06T09:35:21","date_gmt":"2025-09-06T07:35:21","guid":{"rendered":"https:\/\/studium1.com\/?page_id=29654"},"modified":"2026-01-28T17:23:56","modified_gmt":"2026-01-28T16:23:56","slug":"studium-hospitality","status":"publish","type":"page","link":"https:\/\/studium1.com\/fr\/studium-hospitality\/","title":{"rendered":"Maison d'accueil"},"content":{"rendered":"<p>Studium est situ\u00e9 dans le paisible village alpin de &nbsp;<strong><a href=\"https:\/\/en.wikipedia.org\/wiki\/Pollone\" data-type=\"link\" data-id=\"https:\/\/en.wikipedia.org\/wiki\/Pollone\">Pollone<\/a><\/strong>\u00e0 seulement 90 minutes de Milan et de Turin. Nich\u00e9e entre les montagnes et la campagne, elle offre un environnement unique o\u00f9 l'on peut <strong>\u00e9tude, dialogue, hospitalit\u00e9 et spiritualit\u00e9<\/strong> s'unissent.<\/p>\n\n\n\n<p>La nature commence juste devant la porte, avec un acc\u00e8s direct aux sentiers de promenade et de randonn\u00e9e tels que le&nbsp;<a href=\"https:\/\/en.wikipedia.org\/wiki\/Parco_Burcina_Natural_Reserve\" data-type=\"link\" data-id=\"https:\/\/en.wikipedia.org\/wiki\/Parco_Burcina_Natural_Reserve\">Parco della Burcina<\/a>&nbsp;et&nbsp;<a href=\"https:\/\/en.wikipedia.org\/wiki\/International_Frassati_Path_of_Pollone\" data-type=\"link\" data-id=\"https:\/\/en.wikipedia.org\/wiki\/International_Frassati_Path_of_Pollone\">Poggio Frassati,<\/a> nomm\u00e9 en m\u00e9moire de <a href=\"https:\/\/en.wikipedia.org\/wiki\/Pier_Giorgio_Frassati\" data-type=\"link\" data-id=\"https:\/\/en.wikipedia.org\/wiki\/Pier_Giorgio_Frassati\">Pier Giorgio Frassati<\/a> - l'un des habitants les plus remarquables de Pollone. Le village a \u00e9galement accueilli d'autres personnalit\u00e9s \u00e9minentes, parmi lesquelles&nbsp;<a href=\"https:\/\/en.wikipedia.org\/wiki\/Benedetto_Croce\" data-type=\"link\" data-id=\"https:\/\/en.wikipedia.org\/wiki\/Benedetto_Croce\">Benedetto Croce<\/a>&nbsp;et&nbsp;<a href=\"https:\/\/en.wikipedia.org\/wiki\/Gustavo_Colonnetti\" data-type=\"link\" data-id=\"https:\/\/en.wikipedia.org\/wiki\/Gustavo_Colonnetti\">Gustavo Colonnetti.<\/a><\/p>\n\n\n\n<p>Pollone est une communaut\u00e9 accueillante qui compte d'excellents magasins d'alimentation, des caf\u00e9s et des restaurants locaux, dont un \u00e9toil\u00e9 Michelin.<\/p>\n\n\n\n<p>\ud83d\udc49 De l\u00e0, les visiteurs peuvent explorer non seulement la beaut\u00e9 naturelle des Alpes, mais aussi le riche patrimoine culturel et intellectuel de la r\u00e9gion.<\/p>\n\n\n\n<p class=\"has-medium-font-size\"><strong>La maison<\/strong><\/p>\n\n\n\n<p>Au c\u0153ur de ce village, le <strong>Studium <\/strong>offre un espace accueillant et flexible pour les individus et les groupes, \u00e0 la fois comme lieu d'\u00e9tude et de rencontre, et comme maison accueillante pour les s\u00e9minaires, les ateliers, les \u00e9coles d'\u00e9t\u00e9 et les retraites. L'atmosph\u00e8re est informelle et communautaire, encourageant les repas partag\u00e9s, le dialogue et la cr\u00e9ativit\u00e9. Il se compose de :<\/p>\n\n\n\n<ul class=\"wp-block-list\">\n<li>9 chambres (7 doubles, 2 individuelles)<\/li>\n\n\n\n<li>6 salles de bains<\/li>\n\n\n\n<li>Grande salle de conf\u00e9rence (jusqu'\u00e0 40 participants)<\/li>\n\n\n\n<li>Cuisine professionnelle et kitchenette suppl\u00e9mentaire<\/li>\n\n\n\n<li>Blanchisserie<\/li>\n\n\n\n<li>Un jardin spacieux, o\u00f9 les \u00e9tudiants peuvent \u00e9galement installer des tentes pour un h\u00e9bergement simple et une vie en plein air.<\/li>\n<\/ul>\n\n\n<a href=\"https:\/\/studium1.com\/wp-content\/uploads\/2023\/04\/Studium-photos.pdf\" class=\"pdfemb-viewer\" style=\"\" data-width=\"max\" data-height=\"max\" data-toolbar=\"bottom\" data-toolbar-fixed=\"off\">Studium-photos<\/a>\n\n\n<p>La maison est g\u00e9r\u00e9e par le <a href=\"http:\/\/www.canceprev.com\" data-type=\"link\" data-id=\"www.canceprev.com\">Institut international de pr\u00e9vention du cancer<\/a> et est disponible pour des individus ou des groupes, en fonction des besoins de l'Institut. Nous proposons des dons volontaires pour aider \u00e0 couvrir les frais de logement : 30 euros par personne et par nuit pendant les mois d'\u00e9t\u00e9, et 50 euros en hiver (pour aider \u00e0 couvrir les frais de chauffage).<\/p>\n\n\n\n<p><a href=\"https:\/\/studium1.com\/fr\/donazioni-2\/\" data-type=\"link\" data-id=\"https:\/\/studium1.com\/donazioni-2\/\">Cliquez ici pour plus d'informations et de demandes<\/a>.<\/p>\n\n\n\n<hr class=\"wp-block-separator has-alpha-channel-opacity\"\/>\n\n\n\n<h2 class=\"wp-block-heading\"><\/h2>","protected":false},"excerpt":{"rendered":"<p>Studium est situ\u00e9 dans le paisible village alpin de Pollone, \u00e0 seulement 90 minutes de Milan et de Turin. Nich\u00e9 entre les montagnes et la campagne, il offre un environnement unique o\u00f9 l'\u00e9tude, le dialogue, l'hospitalit\u00e9 et la spiritualit\u00e9 se rencontrent. La nature commence juste devant la porte, avec un acc\u00e8s direct aux sentiers de marche et de randonn\u00e9e tels que le Parco della Burcina et le Poggio Frassati, ... <\/p>\n<p class=\"link-more\"><a href=\"https:\/\/studium1.com\/fr\/studium-hospitality\/\" class=\"more-link\">Continuer la lecture<span class=\"screen-reader-text\"> de \" Maison d'accueil \"<\/span><\/a><\/p>","protected":false},"author":1,"featured_media":0,"parent":0,"menu_order":0,"comment_status":"closed","ping_status":"closed","template":"","meta":{"footnotes":""},"class_list":["post-29654","page","type-page","status-publish","hentry"],"_links":{"self":[{"href":"https:\/\/studium1.com\/fr\/wp-json\/wp\/v2\/pages\/29654","targetHints":{"allow":["GET"]}}],"collection":[{"href":"https:\/\/studium1.com\/fr\/wp-json\/wp\/v2\/pages"}],"about":[{"href":"https:\/\/studium1.com\/fr\/wp-json\/wp\/v2\/types\/page"}],"author":[{"embeddable":true,"href":"https:\/\/studium1.com\/fr\/wp-json\/wp\/v2\/users\/1"}],"replies":[{"embeddable":true,"href":"https:\/\/studium1.com\/fr\/wp-json\/wp\/v2\/comments?post=29654"}],"version-history":[{"count":20,"href":"https:\/\/studium1.com\/fr\/wp-json\/wp\/v2\/pages\/29654\/revisions"}],"predecessor-version":[{"id":29738,"href":"https:\/\/studium1.com\/fr\/wp-json\/wp\/v2\/pages\/29654\/revisions\/29738"}],"wp:attachment":[{"href":"https:\/\/studium1.com\/fr\/wp-json\/wp\/v2\/media?parent=29654"}],"curies":[{"name":"wp","href":"https:\/\/api.w.org\/{rel}","templated":true}]}}