{"id":29651,"date":"2025-09-06T09:33:10","date_gmt":"2025-09-06T07:33:10","guid":{"rendered":"https:\/\/studium1.com\/?page_id=29651"},"modified":"2025-09-08T09:47:04","modified_gmt":"2025-09-08T07:47:04","slug":"membership-virtual-access","status":"publish","type":"page","link":"https:\/\/studium1.com\/fr\/membership-virtual-access\/","title":{"rendered":"Adh\u00e9sion et acc\u00e8s virtuel"},"content":{"rendered":"<h2 class=\"wp-block-heading\"><strong>Adh\u00e9sion \u00e0 Studium<\/strong><\/h2>\n\n\n\n<p>Le Studium est plus qu'un lieu physique, c'est aussi un lieu de vie.&nbsp;<strong>plate-forme internationale de dialogue<\/strong>. Gr\u00e2ce \u00e0 nos s\u00e9minaires en ligne, \u00e0 nos \u00e9v\u00e9nements hybrides et \u00e0 nos forums de discussion, nous mettons les participants en contact avec d'autres cultures, d'autres g\u00e9n\u00e9rations et d'autres disciplines.<\/p>\n\n\n\n<p><strong>Pourquoi devenir membre ?<\/strong><br>L'adh\u00e9sion donne acc\u00e8s \u00e0<\/p>\n\n\n\n<ul class=\"wp-block-list\">\n<li>Invitations \u00e0 notre&nbsp;<strong>\u00e9v\u00e9nements en ligne et hybrides<\/strong>&nbsp;(conf\u00e9rences, s\u00e9minaires, ateliers).<\/li>\n\n\n\n<li>Des mises \u00e0 jour sur les initiatives \u00e0 venir et les possibilit\u00e9s de contribution.<\/li>\n\n\n\n<li>Une communaut\u00e9 d'\u00e9tudiants, de chercheurs et d'apprenants tout au long de la vie qui partagent un engagement en faveur du dialogue entre la m\u00e9decine et la culture.<\/li>\n\n\n\n<li>Occasions occasionnelles de participer en personne \u00e0 des ateliers et \u00e0 des retraites.<\/li>\n<\/ul>\n\n\n\n<p><strong>Qui peut poser sa candidature ?<\/strong><br>L'adh\u00e9sion est ouverte \u00e0 :<\/p>\n\n\n\n<ul class=\"wp-block-list\">\n<li>\u00c9tudiants et jeunes professionnels<\/li>\n\n\n\n<li>Chercheurs et universitaires<\/li>\n\n\n\n<li>Les praticiens et les apprenants tout au long de la vie qui s'int\u00e9ressent \u00e0 l'intersection entre&nbsp;<strong>m\u00e9decine, culture et soci\u00e9t\u00e9<\/strong><\/li>\n<\/ul>\n\n\n\n<p><strong>Comment postuler<\/strong><br>Veuillez envoyer un bref courriel \u00e0&nbsp;<strong>info (at) cancerprev.com<\/strong>&nbsp;avec :<\/p>\n\n\n\n<ul class=\"wp-block-list\">\n<li>Votre nom et vos ant\u00e9c\u00e9dents<\/li>\n\n\n\n<li>Vos motivations pour rejoindre Studium<\/li>\n\n\n\n<li>Comment esp\u00e9rez-vous contribuer \u00e0 la communaut\u00e9 ou en b\u00e9n\u00e9ficier ?<\/li>\n<\/ul>\n\n\n\n<p>\ud83d\udc49 L'adh\u00e9sion junior est gratuite. <a href=\"https:\/\/studium1.com\/fr\/donazioni-2\/\" data-type=\"link\" data-id=\"https:\/\/studium1.com\/donazioni-2\/\"><strong>Les dons volontaires des membres sont vivement encourag\u00e9s. <\/strong><\/a>pour soutenir les activit\u00e9s et les nouveaux programmes de Studium, y compris les bourses de voyage et d'\u00e9tude. <\/p>\n\n\n\n<p><\/p>","protected":false},"excerpt":{"rendered":"<p>L'adh\u00e9sion \u00e0 Studium Studium est plus qu'un lieu physique - c'est aussi une plateforme internationale de dialogue. Gr\u00e2ce \u00e0 nos s\u00e9minaires en ligne, \u00e0 nos \u00e9v\u00e9nements hybrides et \u00e0 nos forums de discussion, nous mettons en relation des participants de diff\u00e9rentes cultures, g\u00e9n\u00e9rations et disciplines. Pourquoi devenir membre ? L'adh\u00e9sion donne acc\u00e8s \u00e0.. : Qui peut postuler ? L'adh\u00e9sion est ouverte \u00e0 tous : Comment postulerVeuillez envoyer un bref courriel ... <\/p>\n<p class=\"link-more\"><a href=\"https:\/\/studium1.com\/fr\/membership-virtual-access\/\" class=\"more-link\">Continuer la lecture<span class=\"screen-reader-text\"> de \u00ab Adh\u00e9sion et acc\u00e8s virtuel \u00bb<\/span><\/a><\/p>","protected":false},"author":1,"featured_media":0,"parent":0,"menu_order":0,"comment_status":"closed","ping_status":"closed","template":"","meta":{"footnotes":""},"class_list":["post-29651","page","type-page","status-publish","hentry"],"_links":{"self":[{"href":"https:\/\/studium1.com\/fr\/wp-json\/wp\/v2\/pages\/29651","targetHints":{"allow":["GET"]}}],"collection":[{"href":"https:\/\/studium1.com\/fr\/wp-json\/wp\/v2\/pages"}],"about":[{"href":"https:\/\/studium1.com\/fr\/wp-json\/wp\/v2\/types\/page"}],"author":[{"embeddable":true,"href":"https:\/\/studium1.com\/fr\/wp-json\/wp\/v2\/users\/1"}],"replies":[{"embeddable":true,"href":"https:\/\/studium1.com\/fr\/wp-json\/wp\/v2\/comments?post=29651"}],"version-history":[{"count":5,"href":"https:\/\/studium1.com\/fr\/wp-json\/wp\/v2\/pages\/29651\/revisions"}],"predecessor-version":[{"id":29697,"href":"https:\/\/studium1.com\/fr\/wp-json\/wp\/v2\/pages\/29651\/revisions\/29697"}],"wp:attachment":[{"href":"https:\/\/studium1.com\/fr\/wp-json\/wp\/v2\/media?parent=29651"}],"curies":[{"name":"wp","href":"https:\/\/api.w.org\/{rel}","templated":true}]}}