{"id":29633,"date":"2025-09-05T11:47:06","date_gmt":"2025-09-05T09:47:06","guid":{"rendered":"https:\/\/studium1.com\/?page_id=29633"},"modified":"2025-09-06T10:48:26","modified_gmt":"2025-09-06T08:48:26","slug":"medicine-society-seminar-series","status":"publish","type":"page","link":"https:\/\/studium1.com\/fr\/medicine-society-seminar-series\/","title":{"rendered":"S\u00e9rie de s\u00e9minaires \"M\u00e9decine et soci\u00e9t\u00e9"},"content":{"rendered":"<figure class=\"wp-block-image size-full\"><img loading=\"lazy\" decoding=\"async\" width=\"768\" height=\"385\" src=\"https:\/\/studium1.com\/wp-content\/uploads\/2025\/09\/image.png\" alt=\"\" class=\"wp-image-29634\" srcset=\"https:\/\/studium1.com\/wp-content\/uploads\/2025\/09\/image.png 768w, https:\/\/studium1.com\/wp-content\/uploads\/2025\/09\/image-300x150.png 300w, https:\/\/studium1.com\/wp-content\/uploads\/2025\/09\/image-18x9.png 18w\" sizes=\"auto, (max-width: 706px) 89vw, (max-width: 767px) 82vw, 740px\" \/><\/figure>\n\n\n\n<p>Le\u00a0<strong>Institut international de pr\u00e9vention du cancer<\/strong>en collaboration avec\u00a0<strong>EMBO Press<\/strong>organise une s\u00e9rie de s\u00e9minaires mensuels dans le cadre de l'Ann\u00e9e europ\u00e9enne de l'\u00e9ducation et de la formation tout au long de la vie.\u00a0<em><a href=\"https:\/\/cancerprev.com\/medicine-society-the-human-condition\/\">M\u00e9decine et soci\u00e9t\u00e9 : La condition humaine<\/a><\/em>.<\/p>\n\n\n\n<p>Cette s\u00e9rie constitue une plate-forme pour&nbsp;<strong>dialogue interdisciplinaire sur la biologie humaine et la sant\u00e9<\/strong>La recherche biom\u00e9dicale est un domaine d'\u00e9tude et de recherche qui a pour but d'encourager la r\u00e9flexion sur les implications plus larges de la recherche biom\u00e9dicale pour l'individu et pour la soci\u00e9t\u00e9.<\/p>\n\n\n\n<p>L'un des aspects uniques de la s\u00e9rie est son&nbsp;<strong>dimension personnelle<\/strong>: les orateurs invit\u00e9s ne se contentent pas de pr\u00e9senter leurs travaux, ils partagent \u00e9galement leur propre parcours - comment ils sont entr\u00e9s dans leur domaine et ce qui a fa\u00e7onn\u00e9 leurs recherches et leurs perspectives.<\/p>\n\n\n\n<p>Chaque s\u00e9minaire se termine par un&nbsp;<strong>discussion interactive<\/strong>Les participants ont ainsi l'occasion de s'engager directement avec les orateurs et les uns avec les autres.<\/p>\n\n\n\n<p><\/p>\n\n\n\n<p><a href=\"https:\/\/cancerprev.com\/medicine-society-the-human-condition\/\" data-type=\"link\" data-id=\"https:\/\/cancerprev.com\/medicine-society-the-human-condition\/\">Cliquez ici pour consulter la liste des s\u00e9minaires pr\u00e9c\u00e9dents et pr\u00e9vus et pour vous inscrire<\/a><\/p>\n\n\n\n<p><\/p>","protected":false},"excerpt":{"rendered":"<p>L'Institut international de pr\u00e9vention du cancer, en collaboration avec EMBO Press, organise une s\u00e9rie de s\u00e9minaires mensuels dans le cadre de Medicine &amp; Society : The Human Condition. Cette s\u00e9rie offre une plateforme de dialogue interdisciplinaire sur la biologie humaine et la sant\u00e9, encourageant la r\u00e9flexion sur les implications plus larges de la recherche biom\u00e9dicale pour l'individu et la soci\u00e9t\u00e9. Un aspect unique de la s\u00e9rie ... <\/p>\n<p class=\"link-more\"><a href=\"https:\/\/studium1.com\/fr\/medicine-society-seminar-series\/\" class=\"more-link\">Continuer la lecture<span class=\"screen-reader-text\"> de \u00ab S\u00e9rie de s\u00e9minaires M\u00e9decine et soci\u00e9t\u00e9 \u00bb<\/span><\/a><\/p>","protected":false},"author":4,"featured_media":0,"parent":0,"menu_order":0,"comment_status":"closed","ping_status":"closed","template":"","meta":{"footnotes":""},"class_list":["post-29633","page","type-page","status-publish","hentry"],"_links":{"self":[{"href":"https:\/\/studium1.com\/fr\/wp-json\/wp\/v2\/pages\/29633","targetHints":{"allow":["GET"]}}],"collection":[{"href":"https:\/\/studium1.com\/fr\/wp-json\/wp\/v2\/pages"}],"about":[{"href":"https:\/\/studium1.com\/fr\/wp-json\/wp\/v2\/types\/page"}],"author":[{"embeddable":true,"href":"https:\/\/studium1.com\/fr\/wp-json\/wp\/v2\/users\/4"}],"replies":[{"embeddable":true,"href":"https:\/\/studium1.com\/fr\/wp-json\/wp\/v2\/comments?post=29633"}],"version-history":[{"count":3,"href":"https:\/\/studium1.com\/fr\/wp-json\/wp\/v2\/pages\/29633\/revisions"}],"predecessor-version":[{"id":29662,"href":"https:\/\/studium1.com\/fr\/wp-json\/wp\/v2\/pages\/29633\/revisions\/29662"}],"wp:attachment":[{"href":"https:\/\/studium1.com\/fr\/wp-json\/wp\/v2\/media?parent=29633"}],"curies":[{"name":"wp","href":"https:\/\/api.w.org\/{rel}","templated":true}]}}