{"id":29625,"date":"2025-09-05T11:33:07","date_gmt":"2025-09-05T09:33:07","guid":{"rendered":"https:\/\/studium1.com\/?page_id=29625"},"modified":"2025-09-27T16:40:20","modified_gmt":"2025-09-27T14:40:20","slug":"activities","status":"publish","type":"page","link":"https:\/\/studium1.com\/fr\/activities\/","title":{"rendered":"Activit\u00e9s"},"content":{"rendered":"<h2 class=\"wp-block-heading\">Nous favorisons les rencontres afin de jeter des ponts entre les disciplines, les g\u00e9n\u00e9rations et les cultures.<\/h2>\n\n\n\n<hr class=\"wp-block-separator has-alpha-channel-opacity\"\/>\n\n\n\n<h2 class=\"wp-block-heading\">\ud83d\udd39 <strong>Ateliers<\/strong><\/h2>\n\n\n\n<p>Les ateliers sont con\u00e7us pour favoriser la compr\u00e9hension mutuelle et la communication sur des sujets d'une grande importance entre des participants issus d'horizons \u00e9ducatifs et professionnels divers et se trouvant \u00e0 diff\u00e9rents stades de leur carri\u00e8re. Chaque programme est con\u00e7u pour amener les participants \u00e0 s'interroger sur des questions qui fa\u00e7onnent \u00e0 la fois leur vie personnelle et le bien commun - des questions o\u00f9 la m\u00e9decine et la culture se rencontrent.   <\/p>\n\n\n\n<ul class=\"wp-block-list\">\n<li>Les ateliers sont limit\u00e9s \u00e0 de petits groupes (20-30 personnes), en format hybride avec la possibilit\u00e9 d'y participer \u00e0 distance, avec suffisamment de temps pour les discussions afin d'assurer un engagement actif.<\/li>\n\n\n\n<li>Les sessions comprennent des pr\u00e9sentations formelles et informelles et des activit\u00e9s en petits groupes.<\/li>\n\n\n\n<li>Les participants seront invit\u00e9s \u00e0 contribuer \u00e0 un rapport final commun et \u00e0 d'\u00e9ventuels articles.<\/li>\n<\/ul>\n\n\n\n<p>Chaque atelier s'\u00e9tend sur 3 \u00e0 5 jours et se concentre sur un sujet sp\u00e9cifique.<\/p>\n\n\n\n<p><em>Ateliers pr\u00e9vus<\/em> inclure :<\/p>\n\n\n\n<p><strong>Qu'est-ce que la v\u00e9rit\u00e9 ?<\/strong>&nbsp;(<em>Conjectures et r\u00e9futations en science et au-del\u00e0<\/em>) : un atelier interdisciplinaire explorant la mani\u00e8re dont la v\u00e9rit\u00e9 est recherch\u00e9e dans la science, la philosophie et l'exp\u00e9rience humaine.<\/p>\n\n\n\n<p><strong>S\u00e9nescence et vieillissement aux niveaux biologique, individuel et soci\u00e9tal <\/strong>&nbsp;(cours interdisciplinaire).<\/p>\n\n\n\n<p><strong>Perspectives sur les hormones sexuelles et le vieillissement<\/strong>&nbsp;(Atelier scientifique).<\/p>\n\n\n\n<p><strong>Math\u00e9matiques fondamentales et appliqu\u00e9es et syst\u00e8mes biologiques complexes<\/strong> (Atelier scientifique). <\/p>\n\n\n\n<p><\/p>\n\n\n\n<h2 class=\"wp-block-heading\">\ud83d\udd39 <strong>Camps d'\u00e9t\u00e9<\/strong><\/h2>\n\n\n\n<p>Les camps d'\u00e9t\u00e9 sont con\u00e7us pour \u00eatre plus que des cours : ce sont des exp\u00e9riences immersives o\u00f9 l'\u00e9tude, la cr\u00e9ativit\u00e9 et l'amiti\u00e9 se rencontrent dans le cadre inspirant des Alpes italiennes. Fond\u00e9s sur la conviction que la m\u00e9decine et la culture s'enrichissent mutuellement, nos camps favorisent le dialogue entre les disciplines, les g\u00e9n\u00e9rations et les milieux.<\/p>\n\n\n\n<p>Les camps sont con\u00e7us pour les lyc\u00e9ens et les \u00e9tudiants (15 participants maximum), qui vivront et apprendront c\u00f4te \u00e0 c\u00f4te avec des conf\u00e9renciers seniors et des tuteurs juniors. Chaque jour alterne des sessions structur\u00e9es et des activit\u00e9s en plein air et conviviales, encourageant \u00e0 la fois le d\u00e9veloppement intellectuel et les rencontres personnelles.<\/p>\n\n\n\n<p>Les camps d'\u00e9t\u00e9 r\u00e9uniront des domaines compl\u00e9mentaires :<\/p>\n\n\n\n<ul class=\"wp-block-list\">\n<li><strong>Biom\u00e9decine<\/strong>&nbsp;- explorer les questions relatives \u00e0 la sant\u00e9, \u00e0 la science et \u00e0 la personne humaine.<\/li>\n\n\n\n<li><strong>Musique<\/strong>&nbsp;- pratiquer l'art de l'\u00e9coute, de la cr\u00e9ativit\u00e9 et de l'expression partag\u00e9e.<\/li>\n\n\n\n<li><strong>Math\u00e9matiques<\/strong>&nbsp;- former l'esprit au raisonnement, \u00e0 l'imagination et \u00e0 la recherche de la v\u00e9rit\u00e9.<\/li>\n\n\n\n<li><strong>Spiritualit\u00e9&nbsp;<\/strong>- avec un temps suffisant pour la r\u00e9flexion personnelle et la condivision.<\/li>\n\n\n\n<li><strong>La cuisine<\/strong>&nbsp;- la d\u00e9couverte de la convivialit\u00e9 et de la culture \u00e0 travers la pr\u00e9paration des repas.<\/li>\n<\/ul>\n\n\n\n<p>Des sessions matinales ou quotidiennes seront consacr\u00e9es \u00e0 ces th\u00e8mes, en alternance avec les sessions suivantes&nbsp;<strong>randonn\u00e9e en montagne<\/strong>Les participants exp\u00e9rimenteront la richesse de l'\u00e9change intellectuel et la joie simple de vivre ensemble. Les participants feront l'exp\u00e9rience de la richesse des \u00e9changes intellectuels et de la joie simple de vivre ensemble.<\/p>\n\n\n\n<p><strong>Format<\/strong><\/p>\n\n\n\n<ul class=\"wp-block-list\">\n<li><strong>Longueur<\/strong>Dur\u00e9e : 2 \u00e0 4 semaines<\/li>\n\n\n\n<li><strong>Les participants<\/strong>Les \u00e9tudiants : \u00e9tudiants de l'enseignement secondaire sup\u00e9rieur et de l'universit\u00e9 (locaux et internationaux)<\/li>\n\n\n\n<li><strong>Structure<\/strong>:\n<ul class=\"wp-block-list\">\n<li>Apprentissage en petits groupes (max. 15)<\/li>\n\n\n\n<li>Conf\u00e9rences et discussions avec des intervenants de haut niveau<\/li>\n\n\n\n<li>Orientation et mentorat par des tuteurs juniors<\/li>\n\n\n\n<li>Activit\u00e9s de plein air : randonn\u00e9es, excursions et explorations<\/li>\n\n\n\n<li>Vie conviviale : cuisine, musique et repas partag\u00e9s<\/li>\n<\/ul>\n<\/li>\n<\/ul>\n\n\n\n<h2 class=\"wp-block-heading\">\ud83d\udd39 <strong>Activit\u00e9s pr\u00e9c\u00e9dentes<\/strong><\/h2>\n\n\n\n<p>Au fil des ans, Studium et ses partenaires ont accueilli une s\u00e9rie d'initiatives scientifiques, culturelles et \u00e9ducatives :<\/p>\n\n\n\n<ul class=\"wp-block-list\">\n<li><strong><a href=\"https:\/\/cancerprev.com\/summer-school-biomedical-science-communication-2025\/\" data-type=\"link\" data-id=\"https:\/\/cancerprev.com\/summer-school-biomedical-science-communication-2025\/\">Communication scientifique et sensibilisation<\/a><\/strong>&nbsp;(7-10 juillet 2025)<\/li>\n\n\n\n<li><strong>Giovani di \"<a href=\"https:\/\/www.creatio.org\/\" data-type=\"link\" data-id=\"https:\/\/www.creatio.org\/\">Cr\u00e9ation<\/a>\"<\/strong>&nbsp;(30 juillet - 3 ao\u00fbt 2024)<\/li>\n\n\n\n<li><strong>Giovani di Lisieux<\/strong>&nbsp;(30 juin - 2 juillet 2024)<\/li>\n\n\n\n<li><strong><a href=\"https:\/\/studium1.com\/fr\/colloquio-19-20-agosto-2023\/\">Colloque<\/a><\/strong>&nbsp;(19-20 ao\u00fbt 2023)<\/li>\n\n\n\n<li><strong><a href=\"https:\/\/studium1.com\/fr\/casa-balthasar-sessioni-estive\/\" data-type=\"link\" data-id=\"https:\/\/studium1.com\/casa-balthasar-sessioni-estive\/\">Casa Balthasar, Sessione estiva di stud<\/a>i<\/strong>&nbsp;(18 juillet - 12 ao\u00fbt 2022)<\/li>\n\n\n\n<li><a href=\"https:\/\/studium1.com\/fr\/itn-congresso-2022\/\" data-type=\"link\" data-id=\"https:\/\/studium1.com\/itn-congresso-2022\/\"><strong>Atelier international sur la pr\u00e9vention du cancer<\/strong>&nbsp;<\/a>(15-18 juin 2022)<\/li>\n<\/ul>\n\n\n\n<hr class=\"wp-block-separator has-alpha-channel-opacity\"\/>\n\n\n\n<p><\/p>\n\n\n\n<p><\/p>\n\n\n\n<h2 class=\"wp-block-heading\"><\/h2>","protected":false},"excerpt":{"rendered":"<p>We foster encounters to build bridges across disciplines, generations, and cultures. \ud83d\udd39 Workshops Workshops are designed to foster mutual understanding and communication on topics of broad significance among participants from diverse educational and professional backgrounds and at various career stages.&nbsp;Each program is designed to engage participants in questions that shape both personal life and the &hellip; <\/p>\n<p class=\"link-more\"><a href=\"https:\/\/studium1.com\/fr\/activities\/\" class=\"more-link\">Continuer la lecture<span class=\"screen-reader-text\"> de &laquo;&nbsp;Activities&nbsp;&raquo;<\/span><\/a><\/p>","protected":false},"author":4,"featured_media":0,"parent":0,"menu_order":0,"comment_status":"closed","ping_status":"closed","template":"","meta":{"footnotes":""},"class_list":["post-29625","page","type-page","status-publish","hentry"],"_links":{"self":[{"href":"https:\/\/studium1.com\/fr\/wp-json\/wp\/v2\/pages\/29625","targetHints":{"allow":["GET"]}}],"collection":[{"href":"https:\/\/studium1.com\/fr\/wp-json\/wp\/v2\/pages"}],"about":[{"href":"https:\/\/studium1.com\/fr\/wp-json\/wp\/v2\/types\/page"}],"author":[{"embeddable":true,"href":"https:\/\/studium1.com\/fr\/wp-json\/wp\/v2\/users\/4"}],"replies":[{"embeddable":true,"href":"https:\/\/studium1.com\/fr\/wp-json\/wp\/v2\/comments?post=29625"}],"version-history":[{"count":12,"href":"https:\/\/studium1.com\/fr\/wp-json\/wp\/v2\/pages\/29625\/revisions"}],"predecessor-version":[{"id":29727,"href":"https:\/\/studium1.com\/fr\/wp-json\/wp\/v2\/pages\/29625\/revisions\/29727"}],"wp:attachment":[{"href":"https:\/\/studium1.com\/fr\/wp-json\/wp\/v2\/media?parent=29625"}],"curies":[{"name":"wp","href":"https:\/\/api.w.org\/{rel}","templated":true}]}}