{"id":29568,"date":"2025-09-02T13:38:51","date_gmt":"2025-09-02T11:38:51","guid":{"rendered":"https:\/\/studium1.com\/?page_id=29568"},"modified":"2025-11-28T09:27:27","modified_gmt":"2025-11-28T08:27:27","slug":"studium","status":"publish","type":"page","link":"https:\/\/studium1.com\/fr\/","title":{"rendered":""},"content":{"rendered":"<p class=\"has-text-align-left has-medium-font-size\"><em><strong>L\u00e0 o\u00f9 la m\u00e9decine et la culture se rencontrent et comblent les foss\u00e9s - d'un petit village des Alpes italiennes \u00e0 une plateforme mondiale de dialogue.<\/strong><\/em><\/p>\n\n\n\n<p class=\"has-text-align-center has-medium-font-size\"><strong>Notre mission<\/strong><\/p>\n\n\n\n<p class=\"has-medium-font-size\">Le monde est divis\u00e9 par les g\u00e9n\u00e9rations, les cultures et les conflits.\u00a0<strong>Studium est un lieu d'\u00e9change et d'\u00e9ducation r\u00e9ciproque.<\/strong><\/p>\n\n\n\n<p class=\"has-medium-font-size\">Enracin\u00e9es dans une maison d'hospitalit\u00e9 dans les Alpes italiennes et \u00e9tendues \u00e0 travers une plateforme internationale, des personnes de tous \u00e2ges et de tous horizons se r\u00e9unissent pour affronter les questions de notre temps, construire des ponts et d\u00e9couvrir de nouvelles voies de compr\u00e9hension.<\/p>\n\n\n\n<div class=\"wp-block-group is-nowrap is-layout-flex wp-container-core-group-is-layout-ad2f72ca wp-block-group-is-layout-flex\">\n<p class=\"has-text-align-left has-medium-font-size\">Studium est bas\u00e9 sur trois principes cl\u00e9s :<br>- <strong>Les petits groupes sont importants.<\/strong> La v\u00e9ritable compr\u00e9hension et l'apprentissage r\u00e9ciproque ne s'obtiennent pas seulement par les mots, mais aussi par la pr\u00e9sence physique et la proximit\u00e9. .<br>- <strong>L'apprentissage se d\u00e9veloppe par le dialogue<\/strong>. La meilleure fa\u00e7on d'apprendre est d'enseigner et de discuter des id\u00e9es avec les autres.<br>- <strong>L'approfondissement des connaissances et l'acquisition de nouveaux points de vue n\u00e9cessitent un temps de r\u00e9flexion et d'\u00e9coute.<\/strong>. Les experts et les \u00e9tudiants de tout \u00e2ge peuvent apprendre les uns des autres lorsqu'ils font place au silence - pour r\u00e9fl\u00e9chir et pour s'\u00e9couter vraiment les uns les autres.<\/p>\n\n\n\n<hr class=\"wp-block-separator has-alpha-channel-opacity\"\/>\n<\/div>\n\n\n\n<p class=\"has-medium-font-size\"><\/p>\n\n\n\n<p class=\"has-medium-font-size\">Au Studium,\u00a0<strong>le dialogue devient service - et l'\u00e9tude devient espoir.<\/strong><\/p>\n\n\n\n<p class=\"has-text-align-center has-medium-font-size\"><strong>Les deux piliers du Studium<\/strong><\/p>\n\n\n\n<p class=\"has-medium-font-size\"><strong>\ud83c\udfe1<\/strong><strong>&nbsp;Une maison dans les Alpes<\/strong><br>\u00c0 Pollone, en Italie, notre maison d'accueil et notre centre de conf\u00e9rences accueillent des \u00e9tudiants et des chercheurs de tous \u00e2ges pour des ateliers, des camps d'\u00e9t\u00e9 ou simplement des p\u00e9riodes de repos et de r\u00e9flexion. C'est un lieu d'\u00e9tude, de repos et de rencontre.<\/p>\n\n\n\n<p class=\"has-medium-font-size\"><strong>\ud83c\udf0d<\/strong><strong>&nbsp;Une plateforme mondiale<\/strong><br>Gr\u00e2ce aux connexions en ligne, Studium \u00e9tend sa port\u00e9e \u00e0 l'\u00e9chelle internationale. Nous ouvrons un espace de dialogue \u00e0 travers les continents et apportons la connaissance, la solidarit\u00e9 et l'espoir \u00e0 ceux qui se trouvent dans des zones de conflit et de besoin, avec des s\u00e9ries de s\u00e9minaires et de conf\u00e9rences hybrides, des groupes de discussion et un mentorat et un soutien individuels personnalis\u00e9s.<\/p>","protected":false},"excerpt":{"rendered":"<p>L\u00e0 o\u00f9 la m\u00e9decine et la culture se rencontrent et comblent les foss\u00e9s - d'un petit village des Alpes italiennes \u00e0 une plateforme mondiale de dialogue. Notre mission Le monde est divis\u00e9 par les g\u00e9n\u00e9rations, les cultures et les conflits. Studium est un point de rencontre pour l'\u00e9change et l'\u00e9ducation r\u00e9ciproque. Enracin\u00e9 dans une maison d'hospitalit\u00e9 dans les Alpes italiennes et \u00e9tendu ... <\/p>\n<p class=\"link-more\"><a href=\"https:\/\/studium1.com\/fr\/\" class=\"more-link\">Continuer la lecture<span class=\"screen-reader-text\"> de \" \"<\/span><\/a><\/p>","protected":false},"author":1,"featured_media":0,"parent":0,"menu_order":0,"comment_status":"closed","ping_status":"closed","template":"","meta":{"footnotes":""},"class_list":["post-29568","page","type-page","status-publish","hentry"],"_links":{"self":[{"href":"https:\/\/studium1.com\/fr\/wp-json\/wp\/v2\/pages\/29568","targetHints":{"allow":["GET"]}}],"collection":[{"href":"https:\/\/studium1.com\/fr\/wp-json\/wp\/v2\/pages"}],"about":[{"href":"https:\/\/studium1.com\/fr\/wp-json\/wp\/v2\/types\/page"}],"author":[{"embeddable":true,"href":"https:\/\/studium1.com\/fr\/wp-json\/wp\/v2\/users\/1"}],"replies":[{"embeddable":true,"href":"https:\/\/studium1.com\/fr\/wp-json\/wp\/v2\/comments?post=29568"}],"version-history":[{"count":9,"href":"https:\/\/studium1.com\/fr\/wp-json\/wp\/v2\/pages\/29568\/revisions"}],"predecessor-version":[{"id":29731,"href":"https:\/\/studium1.com\/fr\/wp-json\/wp\/v2\/pages\/29568\/revisions\/29731"}],"wp:attachment":[{"href":"https:\/\/studium1.com\/fr\/wp-json\/wp\/v2\/media?parent=29568"}],"curies":[{"name":"wp","href":"https:\/\/api.w.org\/{rel}","templated":true}]}}