{"id":29516,"date":"2025-04-15T13:53:04","date_gmt":"2025-04-15T11:53:04","guid":{"rendered":"https:\/\/studium1.com\/?p=29516"},"modified":"2025-04-22T15:13:07","modified_gmt":"2025-04-22T13:13:07","slug":"cultural-hospitality-center","status":"publish","type":"page","link":"https:\/\/studium1.com\/fr\/cultural-hospitality-center\/","title":{"rendered":""},"content":{"rendered":"<p><strong><em>Studium<\/em>: Centre de conf\u00e9rences et d'hospitalisation <\/strong>\u00a0<\/p>\n\n\n\n<p>Dans le cadre de ses activit\u00e9s de sensibilisation, l'Institut international de pr\u00e9vention du cancer (<a href=\"https:\/\/cancerprev.com\/\">CancerPrev<\/a>), en collaboration avec d'autres institutions, offre un centre pour l'organisation d'ateliers et d'\u00e9coles sur des th\u00e8mes d'int\u00e9r\u00eat culturel et scientifique, ainsi que la possibilit\u00e9 de participer \u00e0 des s\u00e9minaires individuels dans les locaux de l'Institut. <a href=\"https:\/\/studium1.com\/fr\/una-casa-su-per-i-monti\/\">Studium<\/a>, un centre d'\u00e9tude et de recherche situ\u00e9 dans les Alpes italiennes.<\/p>\n\n\n\n<p>Situ\u00e9 dans le paisible village de Pollone, \u00e0 une heure et \u00e0 quelques kilom\u00e8tres de Milan et de Turin, Studium offre un environnement propice \u00e0 l'apprentissage, \u00e0 la recherche et \u00e0 la cr\u00e9ativit\u00e9. Les personnes de tous les horizons et de toutes les phases de leur parcours - des \u00e9tudiants des \u00e9coles sup\u00e9rieures et universitaires aux studios et aux apprenants de toute la vie - sont invit\u00e9es \u00e0 prendre contact avec nous pour une br\u00e8ve demande d'information et une d\u00e9claration d'intention.<\/p>\n\n\n\n<p><strong>Ce que nous offrons :<\/strong><\/p>\n\n\n\n<ol class=\"wp-block-list\">\n<li>Un environnement informel et accueillant avec des installations locales et la possibilit\u00e9 d'accueillir des familles dans une r\u00e9sidence spacieuse ou dans des chambres d'h\u00f4tes dans les environs.<\/li>\n\n\n\n<li>Une grande salle de conf\u00e9rence pour un maximum de 40 participants, dot\u00e9e d'un acc\u00e8s Internet \u00e0 grande vitesse, de bancs suppl\u00e9mentaires pour les petits groupes de travail et d'un espace de r\u00e9union \u00e0 l'ext\u00e9rieur.<\/li>\n\n\n\n<li>Une cuisine professionnelle disponible pour la cuisine intensive et les exp\u00e9riences culinaires.<\/li>\n\n\n\n<li>Un village fascinant accessible \u00e0 pied, avec des caf\u00e9s locaux, des services de restauration et d'alimentation, et un restaurant \u00e9toil\u00e9 au guide Michelin.<\/li>\n\n\n\n<li>Acc\u00e8s imm\u00e9diat \u00e0 la nature, avec des sentiers de montagne et de campagne pour des randonn\u00e9es, des excursions et des explorations.<\/li>\n<\/ol>\n\n\n\n<p>Les dons volontaires \u00e0 l'Institut international de pr\u00e9vention du cancer (CancerPrev), en soutien aux d\u00e9penses effectu\u00e9es pendant les courts s\u00e9jours (don sugg\u00e9r\u00e9 : 30 euros par nuit), peuvent \u00eatre effectu\u00e9s. <a href=\"https:\/\/studium1.com\/fr\/en\/donazioni-2\/\">qui<\/a>. Les contributions pour des s\u00e9jours plus longs peuvent \u00eatre concord\u00e9es au cas par cas.<\/p>\n\n\n\n<div class=\"wp-block-media-text alignwide is-stacked-on-mobile\"><figure class=\"wp-block-media-text__media\"><img loading=\"lazy\" decoding=\"async\" width=\"1024\" height=\"768\" src=\"https:\/\/studium1.com\/wp-content\/uploads\/2021\/10\/Parco_della_Burcina-Pollone-IMG_0749-1024x768.jpeg\" alt=\"\" class=\"wp-image-28994 size-full\" srcset=\"https:\/\/studium1.com\/wp-content\/uploads\/2021\/10\/Parco_della_Burcina-Pollone-IMG_0749-1024x768.jpeg 1024w, https:\/\/studium1.com\/wp-content\/uploads\/2021\/10\/Parco_della_Burcina-Pollone-IMG_0749-300x225.jpeg 300w, https:\/\/studium1.com\/wp-content\/uploads\/2021\/10\/Parco_della_Burcina-Pollone-IMG_0749-768x576.jpeg 768w, https:\/\/studium1.com\/wp-content\/uploads\/2021\/10\/Parco_della_Burcina-Pollone-IMG_0749-1536x1152.jpeg 1536w, https:\/\/studium1.com\/wp-content\/uploads\/2021\/10\/Parco_della_Burcina-Pollone-IMG_0749-1320x990.jpeg 1320w, https:\/\/studium1.com\/wp-content\/uploads\/2021\/10\/Parco_della_Burcina-Pollone-IMG_0749.jpeg 2048w\" sizes=\"auto, (max-width: 706px) 89vw, (max-width: 767px) 82vw, 740px\" \/><\/figure><div class=\"wp-block-media-text__content\">\n<p><strong>Int\u00e9ress\u00e9(e) ?<br><\/strong>Contact : info(at)cancerprev.com<\/p>\n<\/div><\/div>","protected":false},"excerpt":{"rendered":"<p>Studium: Centro conferenze e ospitalit\u00e0 \u00a0 Nell\u2019ambito delle sue attivit\u00e0 di sensibilizzazione, l\u2019International Cancer Prevention Institute (CancerPrev), in collaborazione con altre istituzioni, offre un centro per l\u2019organizzazione di workshop e scuole estive su temi di interesse culturale e scientifico, oltre a opportunit\u00e0 di soggiorni individuali presso Studium, un centro di studio e scambio situato nelle &hellip; <\/p>\n<p class=\"link-more\"><a href=\"https:\/\/studium1.com\/fr\/cultural-hospitality-center\/\" class=\"more-link\">Continuer la lecture<span class=\"screen-reader-text\"> de \" \"<\/span><\/a><\/p>","protected":false},"author":4,"featured_media":0,"parent":0,"menu_order":0,"comment_status":"open","ping_status":"open","template":"","meta":{"footnotes":""},"class_list":["post-29516","page","type-page","status-publish","hentry"],"_links":{"self":[{"href":"https:\/\/studium1.com\/fr\/wp-json\/wp\/v2\/pages\/29516","targetHints":{"allow":["GET"]}}],"collection":[{"href":"https:\/\/studium1.com\/fr\/wp-json\/wp\/v2\/pages"}],"about":[{"href":"https:\/\/studium1.com\/fr\/wp-json\/wp\/v2\/types\/page"}],"author":[{"embeddable":true,"href":"https:\/\/studium1.com\/fr\/wp-json\/wp\/v2\/users\/4"}],"replies":[{"embeddable":true,"href":"https:\/\/studium1.com\/fr\/wp-json\/wp\/v2\/comments?post=29516"}],"version-history":[{"count":6,"href":"https:\/\/studium1.com\/fr\/wp-json\/wp\/v2\/pages\/29516\/revisions"}],"predecessor-version":[{"id":29545,"href":"https:\/\/studium1.com\/fr\/wp-json\/wp\/v2\/pages\/29516\/revisions\/29545"}],"wp:attachment":[{"href":"https:\/\/studium1.com\/fr\/wp-json\/wp\/v2\/media?parent=29516"}],"curies":[{"name":"wp","href":"https:\/\/api.w.org\/{rel}","templated":true}]}}