{"id":29478,"date":"2024-07-19T18:05:57","date_gmt":"2024-07-19T16:05:57","guid":{"rendered":"https:\/\/studium1.com\/?page_id=29478"},"modified":"2025-09-08T09:22:52","modified_gmt":"2025-09-08T07:22:52","slug":"donazioni-2","status":"publish","type":"page","link":"https:\/\/studium1.com\/fr\/donazioni-2\/","title":{"rendered":"Dons"},"content":{"rendered":"<p>Les dons destin\u00e9s \u00e0 soutenir les activit\u00e9s de Studium et \u00e0 contribuer aux frais d'accueil doivent \u00eatre adress\u00e9s \u00e0 l'i<a href=\"http:\/\/www.cancerprev.com\" data-type=\"link\" data-id=\"www.cancerprev.com\">Institut international de pr\u00e9vention du cancer<\/a> (fondation \u00e0 but non lucratif reconnue par les autorit\u00e9s f\u00e9d\u00e9rales suisses) par virement sur le compte bancaire ci-dessous, ou par le biais des codes \u00e0 scanner.  <\/p>\n\n\n\n<p><strong>Nome e indirizzo dell' intestatario del conto<\/strong> : Institut international de pr\u00e9vention du cancer (ICPI)<\/p>\n\n\n\n<p><a rel=\"noreferrer noopener\" href=\"https:\/\/www.google.com\/maps\/search\/Chemin+de+la+cure+7?entry=gmail&amp;source=g\" target=\"_blank\">Chemin de la cure 7<\/a>, 1066 Epalinges, Suisse&nbsp;&nbsp;&nbsp;<\/p>\n\n\n\n<p>Nome della banca : Banque Cantonale Vaudoise (BCV)<\/p>\n\n\n\n<p>Indirizzo :&nbsp;&nbsp;<a rel=\"noreferrer noopener\" href=\"https:\/\/www.google.com\/maps\/search\/Place+Saint-Fran%C3%A7ois+14?entry=gmail&amp;source=g\" target=\"_blank\">Place Saint-Fran\u00e7ois 14<\/a>, 1003 Lausanne<\/p>\n\n\n\n<p>IBAN : CH80 00767 000H 5399 8545<\/p>\n\n\n\n<p><strong>&nbsp;<\/strong>Num\u00e9ro BIC-SWIFT : BCVLCH2LXXX<\/p>\n\n\n<a href=\"https:\/\/studium1.com\/wp-content\/uploads\/2024\/07\/iCPI-QR-codes_one-page.pdf\" class=\"pdfemb-viewer\" style=\"\" data-width=\"max\" data-height=\"max\" data-toolbar=\"bottom\" data-toolbar-fixed=\"off\">iCPI-QR-codes_one-page<\/a>\n\n\n<p><\/p>","protected":false},"excerpt":{"rendered":"<p>Donations to support the activities of Studium and help with the hospitality costs should be made to the international Cancer Prevention Institute (a non profit foundation recognized by the Swiss federal authorities) by wire transfer to the bank account below, or through the scanning codes. Nome e indirizzo dell&#8217; intestatario del conto : International Cancer &hellip; <\/p>\n<p class=\"link-more\"><a href=\"https:\/\/studium1.com\/fr\/donazioni-2\/\" class=\"more-link\">Continuer la lecture<span class=\"screen-reader-text\"> de &laquo;&nbsp;Donations&nbsp;&raquo;<\/span><\/a><\/p>","protected":false},"author":1,"featured_media":0,"parent":0,"menu_order":0,"comment_status":"closed","ping_status":"closed","template":"","meta":{"footnotes":""},"class_list":["post-29478","page","type-page","status-publish","hentry"],"_links":{"self":[{"href":"https:\/\/studium1.com\/fr\/wp-json\/wp\/v2\/pages\/29478","targetHints":{"allow":["GET"]}}],"collection":[{"href":"https:\/\/studium1.com\/fr\/wp-json\/wp\/v2\/pages"}],"about":[{"href":"https:\/\/studium1.com\/fr\/wp-json\/wp\/v2\/types\/page"}],"author":[{"embeddable":true,"href":"https:\/\/studium1.com\/fr\/wp-json\/wp\/v2\/users\/1"}],"replies":[{"embeddable":true,"href":"https:\/\/studium1.com\/fr\/wp-json\/wp\/v2\/comments?post=29478"}],"version-history":[{"count":6,"href":"https:\/\/studium1.com\/fr\/wp-json\/wp\/v2\/pages\/29478\/revisions"}],"predecessor-version":[{"id":29694,"href":"https:\/\/studium1.com\/fr\/wp-json\/wp\/v2\/pages\/29478\/revisions\/29694"}],"wp:attachment":[{"href":"https:\/\/studium1.com\/fr\/wp-json\/wp\/v2\/media?parent=29478"}],"curies":[{"name":"wp","href":"https:\/\/api.w.org\/{rel}","templated":true}]}}