{"id":29326,"date":"2023-03-16T21:27:49","date_gmt":"2023-03-16T20:27:49","guid":{"rendered":"https:\/\/studium1.com\/?page_id=29326"},"modified":"2024-07-19T18:19:09","modified_gmt":"2024-07-19T16:19:09","slug":"una-casa-su-per-i-monti","status":"publish","type":"page","link":"https:\/\/studium1.com\/fr\/una-casa-su-per-i-monti\/","title":{"rendered":"Une maison sur les montagnes"},"content":{"rendered":"<p>Une maison d'accueil \u00e0 500 m\u00e8tres du centre du village de Pollone, sur 3 niveaux, avec une salle de conf\u00e9rence, deux \u00e9tages de studio, 11 chambres \u00e0 coucher, avec des lits doubles ou triples, 6 \u00e9tages de salle de bain et une cuisine professionnelle.<\/p>\n\n\n\n<p>La maison est g\u00e9r\u00e9e par la <a href=\"http:\/\/www.cancerprev.ch\">CancerFondation pr\u00e9c\u00e9dente<\/a> ed \u00e8 disponibile, quando non \u00e8 in uso per attivit\u00e0 della fondazione, per incontri, conferenze e periodi di pernottamento a titolo gratuito.  Les dons volontaires pour soutenir les objectifs de la fondation et contribuer aux d\u00e9penses d'utilisation sont accept\u00e9s par le biais d'un d\u00e9p\u00f4t bancaire.  <a href=\"https:\/\/studium1.com\/fr\/donazioni-2\/\">cliccando qui <\/a>.<\/p>\n\n\n<a href=\"https:\/\/studium1.com\/wp-content\/uploads\/2023\/04\/Studium-photos.pdf\" class=\"pdfemb-viewer\" style=\"\" data-width=\"max\" data-height=\"max\" data-toolbar=\"bottom\" data-toolbar-fixed=\"off\">Studium-photos<\/a>\n<p class=\"wp-block-pdfemb-pdf-embedder-viewer\"><\/p>","protected":false},"excerpt":{"rendered":"<p>Una casa d&#8217;accoglienza a 500 mt dal centro del paese di Pollone, a 3 piani, con una sala conferenze, due stanze di studio, 11 camere da letto, con doppi o tripli posti letto, 6 stanze da bagno, e cucina professionale. La casa \u00e8 gestita dalla CancerPrev foundation ed \u00e8 disponibile, quando non \u00e8 in uso &hellip; <\/p>\n<p class=\"link-more\"><a href=\"https:\/\/studium1.com\/fr\/una-casa-su-per-i-monti\/\" class=\"more-link\">Continuer la lecture<span class=\"screen-reader-text\"> de &laquo;&nbsp;Una casa su per i monti&nbsp;&raquo;<\/span><\/a><\/p>","protected":false},"author":1,"featured_media":0,"parent":0,"menu_order":0,"comment_status":"closed","ping_status":"closed","template":"","meta":{"footnotes":""},"class_list":["post-29326","page","type-page","status-publish","hentry"],"_links":{"self":[{"href":"https:\/\/studium1.com\/fr\/wp-json\/wp\/v2\/pages\/29326","targetHints":{"allow":["GET"]}}],"collection":[{"href":"https:\/\/studium1.com\/fr\/wp-json\/wp\/v2\/pages"}],"about":[{"href":"https:\/\/studium1.com\/fr\/wp-json\/wp\/v2\/types\/page"}],"author":[{"embeddable":true,"href":"https:\/\/studium1.com\/fr\/wp-json\/wp\/v2\/users\/1"}],"replies":[{"embeddable":true,"href":"https:\/\/studium1.com\/fr\/wp-json\/wp\/v2\/comments?post=29326"}],"version-history":[{"count":18,"href":"https:\/\/studium1.com\/fr\/wp-json\/wp\/v2\/pages\/29326\/revisions"}],"predecessor-version":[{"id":29670,"href":"https:\/\/studium1.com\/fr\/wp-json\/wp\/v2\/pages\/29326\/revisions\/29670"}],"wp:attachment":[{"href":"https:\/\/studium1.com\/fr\/wp-json\/wp\/v2\/media?parent=29326"}],"curies":[{"name":"wp","href":"https:\/\/api.w.org\/{rel}","templated":true}]}}