{"id":29243,"date":"2022-11-06T13:30:49","date_gmt":"2022-11-06T12:30:49","guid":{"rendered":"https:\/\/studium1.com\/?page_id=29243"},"modified":"2025-08-16T10:16:42","modified_gmt":"2025-08-16T08:16:42","slug":"attivita","status":"publish","type":"page","link":"https:\/\/studium1.com\/fr\/attivita\/","title":{"rendered":"Activit\u00e9s"},"content":{"rendered":"<h2 class=\"wp-block-heading\">Activit\u00e9s pr\u00e9c\u00e9dentes<\/h2>\n\n\n\n<p><strong><a href=\"https:\/\/studium1.com\/fr\/itn-congresso-2022\/\">Congr\u00e8s du d\u00e9partement de recherche inter-europ\u00e9en sur la pr\u00e9vention du cancer, 15-18 juin<\/a><\/strong> <strong>2022<\/strong><\/p>\n\n\n\n<p><strong><a href=\"https:\/\/studium1.com\/fr\/casa-balthasar-sessioni-estive\/\">Casa Balthasar, Sessione estiva di studi, 18 Luglio - 12 Agosto<\/a> 2022<\/strong><\/p>\n\n\n\n<p><strong><a href=\"https:\/\/studium1.com\/fr\/colloquio-19-20-agosto-2023\/\">Colloque 19-20 ao\u00fbt 2023<\/a><\/strong><\/p>\n\n\n\n<p><strong>Giovani di Lisieux 30 Giugno - 2 Luglio 2024<\/strong><\/p>\n\n\n\n<p><strong>Giovani di \"<a href=\"http:\/\/www.creatio.org\">Cr\u00e9ation<\/a>\"30 juillet - 3 ao\u00fbt 2024<\/strong><\/p>\n\n\n\n<p><a href=\"https:\/\/cancerprev.com\/summer-school-biomedical-science-communication-2025\/\"><strong>Communication scientifique et vulgarisation : <\/strong><em>7-10 juillet<\/em>\u00a0<\/a><\/p>\n\n\n\n<h2 class=\"wp-block-heading\">Ateliers \/ workshops in progettazione<\/h2>\n\n\n\n<p>- <a href=\"https:\/\/studium1.com\/fr\/persona-programma-di-accoglienza-e-di-studio-per-la-gioventu%EF%BF%BC\/\">Persona : programme d'accueil et d'accompagnement pour les personnes de tous \u00e2ges<\/a><\/p>\n\n\n\n<p>- Perspectives sur les hormones sexuelles et le vieillissement<em>&nbsp;<\/em>(Atelier scientifique)<\/p>\n\n\n\n<p>- Conjectures et r\u00e9futations dans la science et au-del\u00e0 <\/p>\n\n\n\n<p>- Diff\u00e9rences sexuelles dans la susceptibilit\u00e9 au cancer (atelier scientifique)<\/p>\n\n\n\n<p>- Mod\u00e8les humanis\u00e9s de cancer du sein (atelier scientifique)<\/p>\n\n\n\n<p>- Origine de la vie et de son d\u00e9veloppement (Corso interdisciplinare)<\/p>\n\n\n\n<p>- Senescenza e invecchiamento : tra biologia, medicina e societ\u00e0 (Corso interdisciplinare)<\/p>\n\n\n\n<p>- Musique et vie (Corso interdisciplinare)<\/p>\n\n\n\n<p>- Paideia e primo cristianesimo (Corso interdisciplinare)<\/p>\n\n\n\n<p>- Emigranti e senza tetto : al di l\u00e0 del benevolato (Corso interdisciplinare)<\/p>\n\n\n\n<h2 class=\"wp-block-heading\"><\/h2>","protected":false},"excerpt":{"rendered":"<p>Attivit\u00e0 precedenti Congresso del dottorato di ricerca inter-europeo su Cancer Prevention, 15-18 Giugno 2022 Casa Balthasar, Sessione estiva di studi, 18 Luglio \u2013 12 Agosto 2022 Colloquio 19-20 Agosto 2023 Giovani di Lisieux 30 Giugno &#8211; 2 Luglio 2024 Giovani di &#8220;Creatio&#8221; 30 Luglio &#8211; 3 Agosto 2024 Science communication and outreach: 7-10 July\u00a0 Corsi &hellip; <\/p>\n<p class=\"link-more\"><a href=\"https:\/\/studium1.com\/fr\/attivita\/\" class=\"more-link\">Continuer la lecture<span class=\"screen-reader-text\"> de &laquo;&nbsp;Attivit\u00e0&nbsp;&raquo;<\/span><\/a><\/p>","protected":false},"author":1,"featured_media":0,"parent":0,"menu_order":0,"comment_status":"closed","ping_status":"closed","template":"","meta":{"footnotes":""},"class_list":["post-29243","page","type-page","status-publish","hentry"],"_links":{"self":[{"href":"https:\/\/studium1.com\/fr\/wp-json\/wp\/v2\/pages\/29243","targetHints":{"allow":["GET"]}}],"collection":[{"href":"https:\/\/studium1.com\/fr\/wp-json\/wp\/v2\/pages"}],"about":[{"href":"https:\/\/studium1.com\/fr\/wp-json\/wp\/v2\/types\/page"}],"author":[{"embeddable":true,"href":"https:\/\/studium1.com\/fr\/wp-json\/wp\/v2\/users\/1"}],"replies":[{"embeddable":true,"href":"https:\/\/studium1.com\/fr\/wp-json\/wp\/v2\/comments?post=29243"}],"version-history":[{"count":16,"href":"https:\/\/studium1.com\/fr\/wp-json\/wp\/v2\/pages\/29243\/revisions"}],"predecessor-version":[{"id":29621,"href":"https:\/\/studium1.com\/fr\/wp-json\/wp\/v2\/pages\/29243\/revisions\/29621"}],"wp:attachment":[{"href":"https:\/\/studium1.com\/fr\/wp-json\/wp\/v2\/media?parent=29243"}],"curies":[{"name":"wp","href":"https:\/\/api.w.org\/{rel}","templated":true}]}}