{"id":29161,"date":"2022-07-25T07:21:30","date_gmt":"2022-07-25T05:21:30","guid":{"rendered":"https:\/\/studium1.com\/?page_id=29161"},"modified":"2022-08-17T18:52:01","modified_gmt":"2022-08-17T16:52:01","slug":"casa-balthasar-sessioni-estive","status":"publish","type":"page","link":"https:\/\/studium1.com\/fr\/casa-balthasar-sessioni-estive\/","title":{"rendered":"Casa Balthasar Sessioni Estive"},"content":{"rendered":"<p class=\"has-text-align-center has-medium-font-size\"><strong>Camus, programme<\/strong><\/p>\n\n\n\n<p><em>Caligula<\/em>, \u00e9crit en 1938, pr\u00e9sent\u00e9 en 1944<\/p>\n\n\n\n<p><em>Les Justes<\/em>, 1949<\/p>\n\n\n\n<p><em>Requiem pour une nonne<\/em>, 1956, adattamento teatrale del romanzo omonimo di William Faulkner<\/p>\n\n\n\n<p class=\"has-text-align-center has-medium-font-size\"><strong>Iliade, programma<\/strong><\/p>\n\n\n\n<p>Canti : 1, 5, 6, 8, 16, 18, 20, 22, 24<\/p>\n\n\n\n<p class=\"has-text-align-center\"><strong><a href=\"https:\/\/studium1.com\/wp-content\/uploads\/2022\/08\/Iliade.pdf\">Iliade PDF, Italiano, (writingshome.com) <\/a><\/strong><\/p>\n\n\n\n<p class=\"has-text-align-center has-medium-font-size\"><strong><a href=\"https:\/\/studium1.com\/fr\/foto-album-balthasar-2002\/\">Ricordi<\/a><\/strong><\/p>","protected":false},"excerpt":{"rendered":"<p>Camus, programma Caligula, scritto nel 1938, rappresentato nel 1944 Les Justes, 1949 Requiem pour une nonne, 1956, adattamento teatrale del romanzo omonimo di William Faulkner Iliade, programma Canti : 1, 5, 6, 8, 16, 18, 20, 22, 24 Iliade PDF, Italiano, (writingshome.com) Ricordi<\/p>","protected":false},"author":1,"featured_media":0,"parent":0,"menu_order":0,"comment_status":"closed","ping_status":"closed","template":"","meta":{"footnotes":""},"class_list":["post-29161","page","type-page","status-publish","hentry"],"_links":{"self":[{"href":"https:\/\/studium1.com\/fr\/wp-json\/wp\/v2\/pages\/29161","targetHints":{"allow":["GET"]}}],"collection":[{"href":"https:\/\/studium1.com\/fr\/wp-json\/wp\/v2\/pages"}],"about":[{"href":"https:\/\/studium1.com\/fr\/wp-json\/wp\/v2\/types\/page"}],"author":[{"embeddable":true,"href":"https:\/\/studium1.com\/fr\/wp-json\/wp\/v2\/users\/1"}],"replies":[{"embeddable":true,"href":"https:\/\/studium1.com\/fr\/wp-json\/wp\/v2\/comments?post=29161"}],"version-history":[{"count":11,"href":"https:\/\/studium1.com\/fr\/wp-json\/wp\/v2\/pages\/29161\/revisions"}],"predecessor-version":[{"id":29229,"href":"https:\/\/studium1.com\/fr\/wp-json\/wp\/v2\/pages\/29161\/revisions\/29229"}],"wp:attachment":[{"href":"https:\/\/studium1.com\/fr\/wp-json\/wp\/v2\/media?parent=29161"}],"curies":[{"name":"wp","href":"https:\/\/api.w.org\/{rel}","templated":true}]}}