{"id":28990,"date":"2021-10-24T11:28:45","date_gmt":"2021-10-24T09:28:45","guid":{"rendered":"https:\/\/studium1.com\/?page_id=28990"},"modified":"2021-10-24T11:28:45","modified_gmt":"2021-10-24T09:28:45","slug":"borse-di-studio","status":"publish","type":"page","link":"https:\/\/studium1.com\/fr\/borse-di-studio\/","title":{"rendered":"Borse di studio"},"content":{"rendered":"<p>Un programme d'accompagnement pour copier des s\u00e9jours de longue dur\u00e9e \u00e0 des personnes issues de tous les horizons de la vie, pendant une p\u00e9riode de discernement et de travail.  Les personnes int\u00e9ress\u00e9es peuvent prendre contact directement par voie \u00e9lectronique en envoyant une br\u00e8ve lettre de motivation et un curriculum vitae.<\/p>","protected":false},"excerpt":{"rendered":"<p>Un programma di sostegno per coprire spese di viaggio e di soggiorno di varia durata a persone provenienti da molti percorsi di vita per un periodo di discernimento e studio. Persone interessate possono contattarci direttamente per posta elettronica, inviando una breve lettera di motivazione e un curriculum vitae.<\/p>","protected":false},"author":1,"featured_media":0,"parent":0,"menu_order":0,"comment_status":"closed","ping_status":"closed","template":"","meta":{"footnotes":""},"class_list":["post-28990","page","type-page","status-publish","hentry"],"_links":{"self":[{"href":"https:\/\/studium1.com\/fr\/wp-json\/wp\/v2\/pages\/28990","targetHints":{"allow":["GET"]}}],"collection":[{"href":"https:\/\/studium1.com\/fr\/wp-json\/wp\/v2\/pages"}],"about":[{"href":"https:\/\/studium1.com\/fr\/wp-json\/wp\/v2\/types\/page"}],"author":[{"embeddable":true,"href":"https:\/\/studium1.com\/fr\/wp-json\/wp\/v2\/users\/1"}],"replies":[{"embeddable":true,"href":"https:\/\/studium1.com\/fr\/wp-json\/wp\/v2\/comments?post=28990"}],"version-history":[{"count":1,"href":"https:\/\/studium1.com\/fr\/wp-json\/wp\/v2\/pages\/28990\/revisions"}],"predecessor-version":[{"id":28991,"href":"https:\/\/studium1.com\/fr\/wp-json\/wp\/v2\/pages\/28990\/revisions\/28991"}],"wp:attachment":[{"href":"https:\/\/studium1.com\/fr\/wp-json\/wp\/v2\/media?parent=28990"}],"curies":[{"name":"wp","href":"https:\/\/api.w.org\/{rel}","templated":true}]}}