{"id":28966,"date":"2021-10-17T15:43:46","date_gmt":"2021-10-17T13:43:46","guid":{"rendered":"https:\/\/studium1.com\/?page_id=28966"},"modified":"2025-09-06T13:13:50","modified_gmt":"2025-09-06T11:13:50","slug":"associazione","status":"publish","type":"page","link":"https:\/\/studium1.com\/fr\/associazione\/","title":{"rendered":"Qui sommes-nous ?"},"content":{"rendered":"<p class=\"has-text-align-left has-medium-font-size translation-block\">Studium est une initiative de l'Institut international de pr\u00e9vention du cancer<\/em><\/strong> (Lausanne, Suisse), d\u00e9velopp\u00e9e en synergie avec des organisations culturelles, \u00e9ducatives et philanthropiques qui partagent un engagement pour le dialogue entre la m\u00e9decine et la culture. Nos principaux partenaires sont les suivants :<\/p>\n\n\n\n<p class=\"has-text-align-left has-medium-font-size\"><em><a href=\"https:\/\/www.dana-farber.org\/global-health\/science-health-education-center#:~:text=The%20Science%20Health%20Education%20(SHE,improve%20cancer%20and%20virology%20treatment.\" data-type=\"link\" data-id=\"https:\/\/www.dana-farber.org\/global-health\/science-health-education-center#:~:text=The%20Science%20Health%20Education%20(SHE,improve%20cancer%20and%20virology%20treatment.\">Centre d'\u00e9ducation \u00e0 la sant\u00e9<\/a><\/em>Dana-Farber Cancer Institute, Boston (\u00c9tats-Unis)<br><em><a href=\"https:\/\/www.casabalthasar.org\/\" data-type=\"link\" data-id=\"https:\/\/www.casabalthasar.org\/\">Casa Balthasar<\/a>,<\/em>&nbsp;Rome (Italie)<br>Fondazione \/ <em>Association Pier Giorgio Frassati<\/em>Pollone \/ Rome (Italie)&nbsp;<br><em><a href=\"https:\/\/www.polobibliotecario.biella.it\/SebinaOpac\/library\/BIBLIOTECA%20COMUNALE%20%22BENEDETTO%20CROCE%22%20-%20POLLONE\/BIAPL\" data-type=\"link\" data-id=\"https:\/\/www.polobibliotecario.biella.it\/SebinaOpac\/library\/BIBLIOTECA%20COMUNALE%20%22BENEDETTO%20CROCE%22%20-%20POLLONE\/BIAPL\">Biblioteca Benedetto Croce<\/a><\/em>Pollone<\/p>\n\n\n\n<p class=\"has-text-align-left has-medium-font-size\">Ensemble, nous cherchons \u00e0 cr\u00e9er un point de rencontre o\u00f9 la recherche scientifique, la pratique m\u00e9dicale, l'\u00e9ducation et la formation culturelle convergent au service de la personne humaine.<br>Le Studium est \u00e0 la fois l'un et l'autre :<br>Une maison d'accueil dans les Alpes italiennes, offrant un lieu d'\u00e9tude, de r\u00e9flexion et de rencontre.<br>Une plateforme internationale en ligne, accueillant des \u00e9v\u00e9nements hybrides qui d\u00e9passent les fronti\u00e8res de l'\u00e2ge, de la culture et de la discipline.<\/p>\n\n\n\n<p><\/p>\n\n\n\n<div class=\"wp-block-columns is-layout-flex wp-container-core-columns-is-layout-9d6595d7 wp-block-columns-is-layout-flex\">\n<div class=\"wp-block-column is-layout-flow wp-block-column-is-layout-flow\"><\/div>\n\n\n\n<div class=\"wp-block-column is-layout-flow wp-block-column-is-layout-flow\"><\/div>\n<\/div>\n\n\n\n<div class=\"wp-block-columns is-layout-flex wp-container-core-columns-is-layout-9d6595d7 wp-block-columns-is-layout-flex\">\n<div class=\"wp-block-column is-layout-flow wp-block-column-is-layout-flow\"><\/div>\n\n\n\n<div class=\"wp-block-column is-layout-flow wp-block-column-is-layout-flow\"><\/div>\n<\/div>\n\n\n\n<p><\/p>","protected":false},"excerpt":{"rendered":"<p>Studium est une initiative de l'Institut international de pr\u00e9vention du cancer (Lausanne, Suisse), d\u00e9velopp\u00e9e en synergie avec des organisations culturelles, \u00e9ducatives et philanthropiques qui partagent un engagement en faveur du dialogue entre la m\u00e9decine et la culture. Nos principaux partenaires sont les suivants : Science Health Education Center, Dana-Farber Cancer Institute, Boston (USA)Casa Balthasar, Rome (Italie)Fondazione \/ Associazione Pier Giorgio Frassati, Pollone \/ Rome (Italie) Biblioteca ... <\/p>\n<p class=\"link-more\"><a href=\"https:\/\/studium1.com\/fr\/associazione\/\" class=\"more-link\">Continuer la lecture<span class=\"screen-reader-text\"> de \" Qui sommes-nous ?<\/span><\/a><\/p>","protected":false},"author":1,"featured_media":0,"parent":0,"menu_order":0,"comment_status":"closed","ping_status":"closed","template":"","meta":{"footnotes":""},"class_list":["post-28966","page","type-page","status-publish","hentry"],"_links":{"self":[{"href":"https:\/\/studium1.com\/fr\/wp-json\/wp\/v2\/pages\/28966","targetHints":{"allow":["GET"]}}],"collection":[{"href":"https:\/\/studium1.com\/fr\/wp-json\/wp\/v2\/pages"}],"about":[{"href":"https:\/\/studium1.com\/fr\/wp-json\/wp\/v2\/types\/page"}],"author":[{"embeddable":true,"href":"https:\/\/studium1.com\/fr\/wp-json\/wp\/v2\/users\/1"}],"replies":[{"embeddable":true,"href":"https:\/\/studium1.com\/fr\/wp-json\/wp\/v2\/comments?post=28966"}],"version-history":[{"count":21,"href":"https:\/\/studium1.com\/fr\/wp-json\/wp\/v2\/pages\/28966\/revisions"}],"predecessor-version":[{"id":29679,"href":"https:\/\/studium1.com\/fr\/wp-json\/wp\/v2\/pages\/28966\/revisions\/29679"}],"wp:attachment":[{"href":"https:\/\/studium1.com\/fr\/wp-json\/wp\/v2\/media?parent=28966"}],"curies":[{"name":"wp","href":"https:\/\/api.w.org\/{rel}","templated":true}]}}